{"id":1111,"date":"2024-02-01T19:00:49","date_gmt":"2024-02-01T18:00:49","guid":{"rendered":"https:\/\/www.tonovelasco.es\/?page_id=1111"},"modified":"2024-09-27T09:57:17","modified_gmt":"2024-09-27T07:57:17","slug":"didactica","status":"publish","type":"page","link":"https:\/\/www.tonovelasco.es\/en\/didactics\/","title":{"rendered":"TRAINING"},"content":{"rendered":"<div data-elementor-type=\"wp-page\" data-elementor-id=\"1111\" class=\"elementor elementor-1111\" data-elementor-post-type=\"page\">\n\t\t\t\t\t\t<section class=\"elementor-section elementor-top-section elementor-element elementor-element-3eaddc7 elementor-section-full_width elementor-section-height-default elementor-section-height-default\" data-id=\"3eaddc7\" data-element_type=\"section\">\n\t\t\t\t\t\t<div class=\"elementor-container elementor-column-gap-default\">\n\t\t\t\t\t<div class=\"elementor-column elementor-col-100 elementor-top-column elementor-element elementor-element-db5994d\" data-id=\"db5994d\" data-element_type=\"column\">\n\t\t\t<div class=\"elementor-widget-wrap elementor-element-populated\">\n\t\t\t\t\t\t<div class=\"elementor-element elementor-element-ac4b547 elementor-invisible elementor-widget elementor-widget-heading\" data-id=\"ac4b547\" data-element_type=\"widget\" data-settings=\"{&quot;_animation&quot;:&quot;fadeInUp&quot;}\" data-widget_type=\"heading.default\">\n\t\t\t\t<div class=\"elementor-widget-container\">\n\t\t\t\t\t<h1 class=\"elementor-heading-title elementor-size-default\">workshops<\/h1>\t\t\t\t<\/div>\n\t\t\t\t<\/div>\n\t\t\t\t\t<\/div>\n\t\t<\/div>\n\t\t\t\t\t<\/div>\n\t\t<\/section>\n\t\t\t\t<section class=\"elementor-section elementor-top-section elementor-element elementor-element-9b7ae1b elementor-section-boxed elementor-section-height-default elementor-section-height-default\" data-id=\"9b7ae1b\" data-element_type=\"section\">\n\t\t\t\t\t\t<div class=\"elementor-container elementor-column-gap-default\">\n\t\t\t\t\t<div class=\"elementor-column elementor-col-100 elementor-top-column elementor-element elementor-element-f48fe3a\" data-id=\"f48fe3a\" data-element_type=\"column\">\n\t\t\t<div class=\"elementor-widget-wrap elementor-element-populated\">\n\t\t\t\t\t\t<div class=\"elementor-element elementor-element-c10a3a7 elementor-widget elementor-widget-video\" data-id=\"c10a3a7\" data-element_type=\"widget\" data-widget_type=\"video.default\">\n\t\t\t\t<div class=\"elementor-widget-container\">\n\t\t\t\t\t\t\t<div class=\"elementor-wrapper elementor-open-inline\">\n\t\t\t<div class=\"elementor-video\"><div class=\"BorlabsCookie _brlbs-cb-youtube\"><div class=\"_brlbs-content-blocker\"> <div class=\"_brlbs-embed _brlbs-video-youtube\"> <img decoding=\"async\" class=\"_brlbs-thumbnail\" src=\"https:\/\/www.tonovelasco.es\/wp-content\/plugins\/borlabs-cookie\/assets\/images\/cb-no-thumbnail.png\" alt=\"Youtube\"> <div class=\"_brlbs-caption\"> <p>By uploading the video, you agree to YouTube&#039;s privacy policy.<br><a href=\"https:\/\/policies.google.com\/privacy?hl=en&gl=en\" target=\"_blank\" rel=\"nofollow noopener noreferrer\">More information<\/a><\/p> <p><a class=\"_brlbs-btn _brlbs-icon-play-white\" href=\"#\" data-borlabs-cookie-unblock role=\"button\">Upload video<\/a><\/p> <p><label><input type=\"checkbox\" name=\"unblockAll\" value=\"1\" checked> <small>Always unblock YouTube<\/small><\/label><\/p> <\/div> <\/div> <\/div><div class=\"borlabs-hide\" data-borlabs-cookie-type=\"content-blocker\" data-borlabs-cookie-id=\"youtube\"><script type=\"text\/template\">PGRpdiBjbGFzcz0iX2JybGJzLWZsdWlkLXdpZHRoLXZpZGVvLXdyYXBwZXIiPjxpZnJhbWUgdGl0bGU9InNwb3QgZm9ybWFjaW9uIiB3aWR0aD0iODAwIiBoZWlnaHQ9IjYwMCIgc3JjPSJodHRwczovL3d3dy55b3V0dWJlLW5vY29va2llLmNvbS9lbWJlZC9OTTExSkROV1M5cz9mZWF0dXJlPW9lbWJlZCZyZWw9MCZlbmFibGVqc2FwaT0xJm9yaWdpbj1odHRwcyUyNTNBJTI1MkYlMjUyRnd3dy50b25vdmVsYXNjby5lcyZjb250cm9scz0xIiBmcmFtZWJvcmRlcj0iMCIgYWxsb3c9ImFjY2VsZXJvbWV0ZXI7IGF1dG9wbGF5OyBjbGlwYm9hcmQtd3JpdGU7IGVuY3J5cHRlZC1tZWRpYTsgZ3lyb3Njb3BlOyBwaWN0dXJlLWluLXBpY3R1cmU7IHdlYi1zaGFyZSIgcmVmZXJyZXJwb2xpY3k9InN0cmljdC1vcmlnaW4td2hlbi1jcm9zcy1vcmlnaW4iIGFsbG93ZnVsbHNjcmVlbj48L2lmcmFtZT48L2Rpdj4=<\/script><\/div><\/div><\/div>\t\t<\/div>\n\t\t\t\t\t\t<\/div>\n\t\t\t\t<\/div>\n\t\t\t\t\t<\/div>\n\t\t<\/div>\n\t\t\t\t\t<\/div>\n\t\t<\/section>\n\t\t\t\t<section class=\"elementor-section elementor-top-section elementor-element elementor-element-0ef1ef8 elementor-section-boxed elementor-section-height-default elementor-section-height-default\" data-id=\"0ef1ef8\" data-element_type=\"section\">\n\t\t\t\t\t\t<div class=\"elementor-container elementor-column-gap-default\">\n\t\t\t\t\t<div class=\"elementor-column elementor-col-100 elementor-top-column elementor-element elementor-element-e63edc4\" data-id=\"e63edc4\" data-element_type=\"column\">\n\t\t\t<div class=\"elementor-widget-wrap elementor-element-populated\">\n\t\t\t\t\t\t<div class=\"elementor-element elementor-element-df26d0d elementor-widget elementor-widget-heading\" data-id=\"df26d0d\" data-element_type=\"widget\" data-widget_type=\"heading.default\">\n\t\t\t\t<div class=\"elementor-widget-container\">\n\t\t\t\t\t<h2 class=\"elementor-heading-title elementor-size-default\">Drawing and painting classes in atelier<\/h2>\t\t\t\t<\/div>\n\t\t\t\t<\/div>\n\t\t\t\t\t<\/div>\n\t\t<\/div>\n\t\t\t\t\t<\/div>\n\t\t<\/section>\n\t\t\t\t<section class=\"elementor-section elementor-top-section elementor-element elementor-element-794f170 elementor-section-boxed elementor-section-height-default elementor-section-height-default\" data-id=\"794f170\" data-element_type=\"section\">\n\t\t\t\t\t\t<div class=\"elementor-container elementor-column-gap-default\">\n\t\t\t\t\t<div class=\"elementor-column elementor-col-50 elementor-top-column elementor-element elementor-element-7803190\" data-id=\"7803190\" data-element_type=\"column\">\n\t\t\t<div class=\"elementor-widget-wrap elementor-element-populated\">\n\t\t\t\t\t\t<div class=\"elementor-element elementor-element-6516be4 elementor-widget__width-initial elementor-widget elementor-widget-text-editor\" data-id=\"6516be4\" data-element_type=\"widget\" data-widget_type=\"text-editor.default\">\n\t\t\t\t<div class=\"elementor-widget-container\">\n\t\t\t\t\t\t\t\t\t<p>TUESDAY, WEDNESDAY AND THURSDAY<\/p><p>Price 65\u20ac\/month. For one weekly session (materials at the student&#039;s expense).<\/p><p>All techniques, all levels. In the centre of Oviedo. <span style=\"color: var( --e-global-color-text ); font-family: var( --e-global-typography-text-font-family ), Sans-serif; font-size: var( --e-global-typography-text-font-size ); font-weight: var( --e-global-typography-text-font-weight );\">Pillars 13 under 1<\/span><\/p><p>Schedules:<\/p><p>Tuesday: 7:00 p.m. - 9:00 p.m.<\/p><p>Wednesday: 11:00 \u2013 13:00h. \/ 18:00 h. \u2013 20:00 h.<\/p><p>+INFO: 636 959 475 (Whatsapp)<\/p>\t\t\t\t\t\t\t\t<\/div>\n\t\t\t\t<\/div>\n\t\t\t\t\t<\/div>\n\t\t<\/div>\n\t\t\t\t<div class=\"elementor-column elementor-col-50 elementor-top-column elementor-element elementor-element-2c19e0b\" data-id=\"2c19e0b\" data-element_type=\"column\">\n\t\t\t<div class=\"elementor-widget-wrap elementor-element-populated\">\n\t\t\t\t\t\t<div class=\"elementor-element elementor-element-36a4001 elementor-widget__width-initial elementor-widget elementor-widget-image\" data-id=\"36a4001\" data-element_type=\"widget\" data-widget_type=\"image.default\">\n\t\t\t\t<div class=\"elementor-widget-container\">\n\t\t\t\t\t\t\t\t\t\t\t\t\t\t\t<img fetchpriority=\"high\" decoding=\"async\" width=\"768\" height=\"1024\" src=\"https:\/\/www.tonovelasco.es\/wp-content\/uploads\/2024\/04\/428146332-10230879928558858-4656410047455137530-n-768x1024.jpg\" class=\"attachment-large size-large wp-image-1706\" alt=\"428146332 10230879928558858 4656410047455137530 n\" srcset=\"https:\/\/www.tonovelasco.es\/wp-content\/uploads\/2024\/04\/428146332-10230879928558858-4656410047455137530-n-768x1024.jpg 768w, https:\/\/www.tonovelasco.es\/wp-content\/uploads\/2024\/04\/428146332-10230879928558858-4656410047455137530-n-225x300.jpg 225w, https:\/\/www.tonovelasco.es\/wp-content\/uploads\/2024\/04\/428146332-10230879928558858-4656410047455137530-n-1152x1536.jpg 1152w, https:\/\/www.tonovelasco.es\/wp-content\/uploads\/2024\/04\/428146332-10230879928558858-4656410047455137530-n-9x12.jpg 9w, https:\/\/www.tonovelasco.es\/wp-content\/uploads\/2024\/04\/428146332-10230879928558858-4656410047455137530-n.jpg 1536w\" sizes=\"(max-width: 768px) 100vw, 768px\" \/>\t\t\t\t\t\t\t\t\t\t\t\t\t\t\t<\/div>\n\t\t\t\t<\/div>\n\t\t\t\t\t<\/div>\n\t\t<\/div>\n\t\t\t\t\t<\/div>\n\t\t<\/section>\n\t\t\t\t<section class=\"elementor-section elementor-top-section elementor-element elementor-element-5cbba26 elementor-section-boxed elementor-section-height-default elementor-section-height-default\" data-id=\"5cbba26\" data-element_type=\"section\">\n\t\t\t\t\t\t<div class=\"elementor-container elementor-column-gap-default\">\n\t\t\t\t\t<div class=\"elementor-column elementor-col-100 elementor-top-column elementor-element elementor-element-0d15f26\" data-id=\"0d15f26\" data-element_type=\"column\">\n\t\t\t<div class=\"elementor-widget-wrap\">\n\t\t\t\t\t\t\t<\/div>\n\t\t<\/div>\n\t\t\t\t\t<\/div>\n\t\t<\/section>\n\t\t\t\t<section class=\"elementor-section elementor-top-section elementor-element elementor-element-35ee8f7 elementor-section-boxed elementor-section-height-default elementor-section-height-default\" data-id=\"35ee8f7\" data-element_type=\"section\">\n\t\t\t\t\t\t<div class=\"elementor-container elementor-column-gap-default\">\n\t\t\t\t\t<div class=\"elementor-column elementor-col-100 elementor-top-column elementor-element elementor-element-921a746\" data-id=\"921a746\" data-element_type=\"column\">\n\t\t\t<div class=\"elementor-widget-wrap elementor-element-populated\">\n\t\t\t\t\t\t<div class=\"elementor-element elementor-element-94802ac elementor-widget elementor-widget-heading\" data-id=\"94802ac\" data-element_type=\"widget\" data-widget_type=\"heading.default\">\n\t\t\t\t<div class=\"elementor-widget-container\">\n\t\t\t\t\t<h2 class=\"elementor-heading-title elementor-size-default\">Relearning to draw<\/h2>\t\t\t\t<\/div>\n\t\t\t\t<\/div>\n\t\t\t\t\t<\/div>\n\t\t<\/div>\n\t\t\t\t\t<\/div>\n\t\t<\/section>\n\t\t\t\t<section class=\"elementor-section elementor-top-section elementor-element elementor-element-18abd94 elementor-section-boxed elementor-section-height-default elementor-section-height-default\" data-id=\"18abd94\" data-element_type=\"section\">\n\t\t\t\t\t\t<div class=\"elementor-container elementor-column-gap-default\">\n\t\t\t\t\t<div class=\"elementor-column elementor-col-100 elementor-top-column elementor-element elementor-element-58aa867\" data-id=\"58aa867\" data-element_type=\"column\">\n\t\t\t<div class=\"elementor-widget-wrap\">\n\t\t\t\t\t\t\t<\/div>\n\t\t<\/div>\n\t\t\t\t\t<\/div>\n\t\t<\/section>\n\t\t\t\t<section class=\"elementor-section elementor-top-section elementor-element elementor-element-9abd35e elementor-section-boxed elementor-section-height-default elementor-section-height-default\" data-id=\"9abd35e\" data-element_type=\"section\">\n\t\t\t\t\t\t<div class=\"elementor-container elementor-column-gap-default\">\n\t\t\t\t\t<div class=\"elementor-column elementor-col-100 elementor-top-column elementor-element elementor-element-53b0c9f\" data-id=\"53b0c9f\" data-element_type=\"column\">\n\t\t\t<div class=\"elementor-widget-wrap elementor-element-populated\">\n\t\t\t\t\t\t<div class=\"elementor-element elementor-element-280d137 elementor-widget elementor-widget-text-editor\" data-id=\"280d137\" data-element_type=\"widget\" data-widget_type=\"text-editor.default\">\n\t\t\t\t<div class=\"elementor-widget-container\">\n\t\t\t\t\t\t\t\t\t<p>The aim of this workshop is simple: to have a good time drawing, looking for new forms of graphic expression, playing and meeting new people. This workshop is suitable for all types of public, adults, children and families, for those who say they don&#039;t know how to draw, who start from scratch, or for anyone interested in graphic communication.<\/p><p>If drawing is a language that we spontaneously use as children to express ourselves, even before we know how to write, why do we abandon its practice as adults?<\/p><p>Who hasn&#039;t drawn a picture that their proud parents hung on the refrigerator door?<\/p><p>Relearning should be a fun, creative and stimulating experience. These workshops have a totally experimental character in which I apply techniques that I use in my drawing and painting workshops and with gifted children. Nothing will be as you expect.<\/p><p>This workshop is designed for all types of groups, requires minimal infrastructure and can be held both indoors and outdoors.<\/p>\t\t\t\t\t\t\t\t<\/div>\n\t\t\t\t<\/div>\n\t\t\t\t\t<\/div>\n\t\t<\/div>\n\t\t\t\t\t<\/div>\n\t\t<\/section>\n\t\t\t\t<section class=\"elementor-section elementor-top-section elementor-element elementor-element-03ef9ba elementor-section-boxed elementor-section-height-default elementor-section-height-default\" data-id=\"03ef9ba\" data-element_type=\"section\">\n\t\t\t\t\t\t<div class=\"elementor-container elementor-column-gap-default\">\n\t\t\t\t\t<div class=\"elementor-column elementor-col-100 elementor-top-column elementor-element elementor-element-6c9410d\" data-id=\"6c9410d\" data-element_type=\"column\">\n\t\t\t<div class=\"elementor-widget-wrap elementor-element-populated\">\n\t\t\t\t\t\t<div class=\"elementor-element elementor-element-fe18849 elementor-widget elementor-widget-video\" data-id=\"fe18849\" data-element_type=\"widget\" data-settings=\"{&quot;video_type&quot;:&quot;vimeo&quot;}\" data-widget_type=\"video.default\">\n\t\t\t\t<div class=\"elementor-widget-container\">\n\t\t\t\t\t\t\t<div class=\"elementor-wrapper elementor-open-inline\">\n\t\t\t<div class=\"BorlabsCookie _brlbs-cb-vimeo\"><div class=\"_brlbs-content-blocker\"> <div class=\"_brlbs-embed _brlbs-video-vimeo\"> <img decoding=\"async\" class=\"_brlbs-thumbnail\" src=\"https:\/\/www.tonovelasco.es\/wp-content\/plugins\/borlabs-cookie\/assets\/images\/cb-no-thumbnail.png\" alt=\"Vimeo\"> <div class=\"_brlbs-caption\"> <p>By uploading the video, you agree to Vimeo&#039;s privacy policy.<br><a href=\"https:\/\/vimeo.com\/privacy\" target=\"_blank\" rel=\"nofollow noopener noreferrer\">More information<\/a><\/p> <p><a class=\"_brlbs-btn _brlbs-icon-play-white\" href=\"#\" data-borlabs-cookie-unblock role=\"button\">Upload video<\/a><\/p> <p><label><input type=\"checkbox\" name=\"unblockAll\" value=\"1\" checked> <small>Always unblock Vimeo<\/small><\/label><\/p> <\/div> <\/div> <\/div><div class=\"borlabs-hide\" data-borlabs-cookie-type=\"content-blocker\" data-borlabs-cookie-id=\"vimeo\"><script type=\"text\/template\">PGRpdiBjbGFzcz0iX2JybGJzLWZsdWlkLXdpZHRoLXZpZGVvLXdyYXBwZXIiPjxpZnJhbWUgY2xhc3M9ImVsZW1lbnRvci12aWRlby1pZnJhbWUiIGFsbG93ZnVsbHNjcmVlbiBhbGxvdz0iY2xpcGJvYXJkLXdyaXRlIiB0aXRsZT0idmltZW8gVmlkZW8gUGxheWVyIiBzcmM9Imh0dHBzOi8vcGxheWVyLnZpbWVvLmNvbS92aWRlby8xNDE0MzA4NDM\/Y29sb3ImYW1wO2F1dG9wYXVzZT0wJmFtcDtsb29wPTAmYW1wO211dGVkPTAmYW1wO3RpdGxlPTEmYW1wO3BvcnRyYWl0PTEmYW1wO2J5bGluZT0xI3Q9Ij48L2lmcmFtZT48L2Rpdj4=<\/script><\/div><\/div>\t\t<\/div>\n\t\t\t\t\t\t<\/div>\n\t\t\t\t<\/div>\n\t\t\t\t<div class=\"elementor-element elementor-element-ef85cce elementor-widget elementor-widget-heading\" data-id=\"ef85cce\" data-element_type=\"widget\" data-widget_type=\"heading.default\">\n\t\t\t\t<div class=\"elementor-widget-container\">\n\t\t\t\t\t<h2 class=\"elementor-heading-title elementor-size-default\">WHAT THE TANGLE INVOLVES<\/h2>\t\t\t\t<\/div>\n\t\t\t\t<\/div>\n\t\t\t\t\t<\/div>\n\t\t<\/div>\n\t\t\t\t\t<\/div>\n\t\t<\/section>\n\t\t\t\t<section class=\"elementor-section elementor-top-section elementor-element elementor-element-c1b503a elementor-section-boxed elementor-section-height-default elementor-section-height-default\" data-id=\"c1b503a\" data-element_type=\"section\">\n\t\t\t\t\t\t<div class=\"elementor-container elementor-column-gap-default\">\n\t\t\t\t\t<div class=\"elementor-column elementor-col-100 elementor-top-column elementor-element elementor-element-3343a4f\" data-id=\"3343a4f\" data-element_type=\"column\">\n\t\t\t<div class=\"elementor-widget-wrap\">\n\t\t\t\t\t\t\t<\/div>\n\t\t<\/div>\n\t\t\t\t\t<\/div>\n\t\t<\/section>\n\t\t\t\t<section class=\"elementor-section elementor-top-section elementor-element elementor-element-a82ad51 elementor-section-boxed elementor-section-height-default elementor-section-height-default\" data-id=\"a82ad51\" data-element_type=\"section\">\n\t\t\t\t\t\t<div class=\"elementor-container elementor-column-gap-default\">\n\t\t\t\t\t<div class=\"elementor-column elementor-col-50 elementor-top-column elementor-element elementor-element-f2f1668\" data-id=\"f2f1668\" data-element_type=\"column\">\n\t\t\t<div class=\"elementor-widget-wrap elementor-element-populated\">\n\t\t\t\t\t\t<div class=\"elementor-element elementor-element-1265b80 elementor-widget elementor-widget-image\" data-id=\"1265b80\" data-element_type=\"widget\" data-widget_type=\"image.default\">\n\t\t\t\t<div class=\"elementor-widget-container\">\n\t\t\t\t\t\t\t\t\t\t\t\t\t\t\t<img decoding=\"async\" width=\"800\" height=\"534\" src=\"https:\/\/www.tonovelasco.es\/wp-content\/uploads\/2024\/04\/18700625-10212476166476308-6007596771943159359-o-1024x683.jpg\" class=\"attachment-large size-large wp-image-1445\" alt=\"18700625 10212476166476308 6007596771943159359 or\" srcset=\"https:\/\/www.tonovelasco.es\/wp-content\/uploads\/2024\/04\/18700625-10212476166476308-6007596771943159359-o-1024x683.jpg 1024w, https:\/\/www.tonovelasco.es\/wp-content\/uploads\/2024\/04\/18700625-10212476166476308-6007596771943159359-o-300x200.jpg 300w, https:\/\/www.tonovelasco.es\/wp-content\/uploads\/2024\/04\/18700625-10212476166476308-6007596771943159359-o-768x512.jpg 768w, https:\/\/www.tonovelasco.es\/wp-content\/uploads\/2024\/04\/18700625-10212476166476308-6007596771943159359-o-1536x1025.jpg 1536w, https:\/\/www.tonovelasco.es\/wp-content\/uploads\/2024\/04\/18700625-10212476166476308-6007596771943159359-o-18x12.jpg 18w, https:\/\/www.tonovelasco.es\/wp-content\/uploads\/2024\/04\/18700625-10212476166476308-6007596771943159359-o.jpg 1920w\" sizes=\"(max-width: 800px) 100vw, 800px\" \/>\t\t\t\t\t\t\t\t\t\t\t\t\t\t\t<\/div>\n\t\t\t\t<\/div>\n\t\t\t\t<div class=\"elementor-element elementor-element-8bc930e elementor-widget elementor-widget-image\" data-id=\"8bc930e\" data-element_type=\"widget\" data-widget_type=\"image.default\">\n\t\t\t\t<div class=\"elementor-widget-container\">\n\t\t\t\t\t\t\t\t\t\t\t\t\t\t\t<img decoding=\"async\" width=\"800\" height=\"600\" src=\"https:\/\/www.tonovelasco.es\/wp-content\/uploads\/2024\/09\/440347636-10231358453241676-3119421130439764520-n-1-1024x768.jpg\" class=\"attachment-large size-large wp-image-2760\" alt=\"440347636 10231358453241676 3119421130439764520 n (1)\" srcset=\"https:\/\/www.tonovelasco.es\/wp-content\/uploads\/2024\/09\/440347636-10231358453241676-3119421130439764520-n-1-1024x768.jpg 1024w, https:\/\/www.tonovelasco.es\/wp-content\/uploads\/2024\/09\/440347636-10231358453241676-3119421130439764520-n-1-300x225.jpg 300w, https:\/\/www.tonovelasco.es\/wp-content\/uploads\/2024\/09\/440347636-10231358453241676-3119421130439764520-n-1-768x576.jpg 768w, https:\/\/www.tonovelasco.es\/wp-content\/uploads\/2024\/09\/440347636-10231358453241676-3119421130439764520-n-1-1536x1152.jpg 1536w, https:\/\/www.tonovelasco.es\/wp-content\/uploads\/2024\/09\/440347636-10231358453241676-3119421130439764520-n-1-16x12.jpg 16w, https:\/\/www.tonovelasco.es\/wp-content\/uploads\/2024\/09\/440347636-10231358453241676-3119421130439764520-n-1.jpg 1920w\" sizes=\"(max-width: 800px) 100vw, 800px\" \/>\t\t\t\t\t\t\t\t\t\t\t\t\t\t\t<\/div>\n\t\t\t\t<\/div>\n\t\t\t\t\t<\/div>\n\t\t<\/div>\n\t\t\t\t<div class=\"elementor-column elementor-col-50 elementor-top-column elementor-element elementor-element-1173bde\" data-id=\"1173bde\" data-element_type=\"column\">\n\t\t\t<div class=\"elementor-widget-wrap elementor-element-populated\">\n\t\t\t\t\t\t<div class=\"elementor-element elementor-element-f341fe4 elementor-widget elementor-widget-image\" data-id=\"f341fe4\" data-element_type=\"widget\" data-widget_type=\"image.default\">\n\t\t\t\t<div class=\"elementor-widget-container\">\n\t\t\t\t\t\t\t\t\t\t\t\t\t\t\t<img loading=\"lazy\" decoding=\"async\" width=\"800\" height=\"534\" src=\"https:\/\/www.tonovelasco.es\/wp-content\/uploads\/2024\/04\/18671458-10212476193796991-8408288795789554684-o-1024x683.jpg\" class=\"attachment-large size-large wp-image-1443\" alt=\"18671458 10212476193796991 8408288795789554684 or\" srcset=\"https:\/\/www.tonovelasco.es\/wp-content\/uploads\/2024\/04\/18671458-10212476193796991-8408288795789554684-o-1024x683.jpg 1024w, https:\/\/www.tonovelasco.es\/wp-content\/uploads\/2024\/04\/18671458-10212476193796991-8408288795789554684-o-300x200.jpg 300w, https:\/\/www.tonovelasco.es\/wp-content\/uploads\/2024\/04\/18671458-10212476193796991-8408288795789554684-o-768x512.jpg 768w, https:\/\/www.tonovelasco.es\/wp-content\/uploads\/2024\/04\/18671458-10212476193796991-8408288795789554684-o-1536x1025.jpg 1536w, https:\/\/www.tonovelasco.es\/wp-content\/uploads\/2024\/04\/18671458-10212476193796991-8408288795789554684-o-18x12.jpg 18w, https:\/\/www.tonovelasco.es\/wp-content\/uploads\/2024\/04\/18671458-10212476193796991-8408288795789554684-o.jpg 1920w\" sizes=\"(max-width: 800px) 100vw, 800px\" \/>\t\t\t\t\t\t\t\t\t\t\t\t\t\t\t<\/div>\n\t\t\t\t<\/div>\n\t\t\t\t<div class=\"elementor-element elementor-element-a12d5ab elementor-widget elementor-widget-text-editor\" data-id=\"a12d5ab\" data-element_type=\"widget\" data-widget_type=\"text-editor.default\">\n\t\t\t\t<div class=\"elementor-widget-container\">\n\t\t\t\t\t\t\t\t\t<p>What the tangle entails is a participatory project that starts with a tangle of chaotic lines made by the plastic artist To\u00f1o Velasco on a giant support or wall. From these intertwined lines, participants are asked to discover characters hidden behind them. A collaborative work in which a surreal and compact image is generated from chaos, in which each participant develops their plasticity and creativity.<br \/>This project is ideal for indoor or outdoor use, and you can even create a collective mural.<\/p>\t\t\t\t\t\t\t\t<\/div>\n\t\t\t\t<\/div>\n\t\t\t\t\t<\/div>\n\t\t<\/div>\n\t\t\t\t\t<\/div>\n\t\t<\/section>\n\t\t\t\t<section class=\"elementor-section elementor-top-section elementor-element elementor-element-31cdd38 elementor-section-boxed elementor-section-height-default elementor-section-height-default\" data-id=\"31cdd38\" data-element_type=\"section\">\n\t\t\t\t\t\t<div class=\"elementor-container elementor-column-gap-default\">\n\t\t\t\t\t<div class=\"elementor-column elementor-col-100 elementor-top-column elementor-element elementor-element-7546270\" data-id=\"7546270\" data-element_type=\"column\">\n\t\t\t<div class=\"elementor-widget-wrap\">\n\t\t\t\t\t\t\t<\/div>\n\t\t<\/div>\n\t\t\t\t\t<\/div>\n\t\t<\/section>\n\t\t\t\t<\/div>","protected":false},"excerpt":{"rendered":"<p>talleres Al cargar el v\u00eddeo, acepta la pol\u00edtica de privacidad de YouTube.M\u00e1s informaci\u00f3n Cargar v\u00eddeo Desbloquear YouTube siempre Clases de dibujo y pintura en atelier MARTES, MI\u00c9RCOLES Y JUEVES Precio 65\u20ac\/mes. Por una sesi\u00f3n semanal\u00a0 (materiales por cuenta del alumno). Todas las t\u00e9cnicas, todos los niveles. En el centro de Oviedo. Los pilares 13 bajo [&hellip;]<\/p>","protected":false},"author":5,"featured_media":0,"parent":0,"menu_order":31,"comment_status":"closed","ping_status":"closed","template":"","meta":{"_joinchat":[],"footnotes":""},"class_list":["post-1111","page","type-page","status-publish","hentry"],"_links":{"self":[{"href":"https:\/\/www.tonovelasco.es\/en\/wp-json\/wp\/v2\/pages\/1111","targetHints":{"allow":["GET"]}}],"collection":[{"href":"https:\/\/www.tonovelasco.es\/en\/wp-json\/wp\/v2\/pages"}],"about":[{"href":"https:\/\/www.tonovelasco.es\/en\/wp-json\/wp\/v2\/types\/page"}],"author":[{"embeddable":true,"href":"https:\/\/www.tonovelasco.es\/en\/wp-json\/wp\/v2\/users\/5"}],"replies":[{"embeddable":true,"href":"https:\/\/www.tonovelasco.es\/en\/wp-json\/wp\/v2\/comments?post=1111"}],"version-history":[{"count":5,"href":"https:\/\/www.tonovelasco.es\/en\/wp-json\/wp\/v2\/pages\/1111\/revisions"}],"predecessor-version":[{"id":2988,"href":"https:\/\/www.tonovelasco.es\/en\/wp-json\/wp\/v2\/pages\/1111\/revisions\/2988"}],"wp:attachment":[{"href":"https:\/\/www.tonovelasco.es\/en\/wp-json\/wp\/v2\/media?parent=1111"}],"curies":[{"name":"wp","href":"https:\/\/api.w.org\/{rel}","templated":true}]}}