{"id":1938,"date":"2024-04-08T17:45:51","date_gmt":"2024-04-08T15:45:51","guid":{"rendered":"https:\/\/www.tonovelasco.es\/?page_id=1938"},"modified":"2024-07-03T18:30:54","modified_gmt":"2024-07-03T16:30:54","slug":"laminas","status":"publish","type":"page","link":"https:\/\/www.tonovelasco.es\/en\/sheets\/","title":{"rendered":"Sheets"},"content":{"rendered":"<div data-elementor-type=\"wp-page\" data-elementor-id=\"1938\" class=\"elementor elementor-1938\" data-elementor-post-type=\"page\">\n\t\t\t\t\t\t<section class=\"elementor-section elementor-top-section elementor-element elementor-element-a8bfbe9 elementor-section-boxed elementor-section-height-default elementor-section-height-default\" data-id=\"a8bfbe9\" data-element_type=\"section\">\n\t\t\t\t\t\t<div class=\"elementor-container elementor-column-gap-default\">\n\t\t\t\t\t<div class=\"elementor-column elementor-col-100 elementor-top-column elementor-element elementor-element-79a12e5\" data-id=\"79a12e5\" data-element_type=\"column\">\n\t\t\t<div class=\"elementor-widget-wrap elementor-element-populated\">\n\t\t\t\t\t\t<div class=\"elementor-element elementor-element-8f87a5d elementor-widget elementor-widget-image\" data-id=\"8f87a5d\" data-element_type=\"widget\" data-widget_type=\"image.default\">\n\t\t\t\t<div class=\"elementor-widget-container\">\n\t\t\t\t\t\t\t\t\t\t\t\t\t\t\t<img fetchpriority=\"high\" decoding=\"async\" width=\"800\" height=\"192\" src=\"https:\/\/www.tonovelasco.es\/wp-content\/uploads\/2024\/07\/cabecera-ascension-1024x246.jpg\" class=\"attachment-large size-large wp-image-2632\" alt=\"ascension header\" srcset=\"https:\/\/www.tonovelasco.es\/wp-content\/uploads\/2024\/07\/cabecera-ascension-1024x246.jpg 1024w, https:\/\/www.tonovelasco.es\/wp-content\/uploads\/2024\/07\/cabecera-ascension-300x72.jpg 300w, https:\/\/www.tonovelasco.es\/wp-content\/uploads\/2024\/07\/cabecera-ascension-768x184.jpg 768w, https:\/\/www.tonovelasco.es\/wp-content\/uploads\/2024\/07\/cabecera-ascension-18x4.jpg 18w, https:\/\/www.tonovelasco.es\/wp-content\/uploads\/2024\/07\/cabecera-ascension.jpg 1172w\" sizes=\"(max-width: 800px) 100vw, 800px\" \/>\t\t\t\t\t\t\t\t\t\t\t\t\t\t\t<\/div>\n\t\t\t\t<\/div>\n\t\t\t\t\t<\/div>\n\t\t<\/div>\n\t\t\t\t\t<\/div>\n\t\t<\/section>\n\t\t\t\t<section class=\"elementor-section elementor-top-section elementor-element elementor-element-05ecbd6 elementor-section-boxed elementor-section-height-default elementor-section-height-default\" data-id=\"05ecbd6\" data-element_type=\"section\">\n\t\t\t\t\t\t<div class=\"elementor-container elementor-column-gap-default\">\n\t\t\t\t\t<div class=\"elementor-column elementor-col-100 elementor-top-column elementor-element elementor-element-d94a72e\" data-id=\"d94a72e\" data-element_type=\"column\">\n\t\t\t<div class=\"elementor-widget-wrap elementor-element-populated\">\n\t\t\t\t\t\t<div class=\"elementor-element elementor-element-f6afcce elementor-invisible elementor-widget elementor-widget-heading\" data-id=\"f6afcce\" data-element_type=\"widget\" data-settings=\"{&quot;_animation&quot;:&quot;fadeInUp&quot;}\" data-widget_type=\"heading.default\">\n\t\t\t\t<div class=\"elementor-widget-container\">\n\t\t\t\t\t<h1 class=\"elementor-heading-title elementor-size-default\">Sheets<\/h1>\t\t\t\t<\/div>\n\t\t\t\t<\/div>\n\t\t\t\t<div class=\"elementor-element elementor-element-86eb95b elementor-widget elementor-widget-text-editor\" data-id=\"86eb95b\" data-element_type=\"widget\" data-widget_type=\"text-editor.default\">\n\t\t\t\t<div class=\"elementor-widget-container\">\n\t\t\t\t\t\t\t\t\t<p>Printed on Hahnem\u00fchle paper.<\/p><p>Numbered and signed by its author.<\/p><p>Size 30\u00d740 cm (others consult).<\/p><p>They are served framed with molding and standard PVC.<\/p><p>Shipping not included.<\/p>\t\t\t\t\t\t\t\t<\/div>\n\t\t\t\t<\/div>\n\t\t\t\t\t<\/div>\n\t\t<\/div>\n\t\t\t\t\t<\/div>\n\t\t<\/section>\n\t\t\t\t<section class=\"elementor-section elementor-top-section elementor-element elementor-element-3a6f547 elementor-section-boxed elementor-section-height-default elementor-section-height-default\" data-id=\"3a6f547\" data-element_type=\"section\">\n\t\t\t\t\t\t<div class=\"elementor-container elementor-column-gap-default\">\n\t\t\t\t\t<div class=\"elementor-column elementor-col-50 elementor-top-column elementor-element elementor-element-f888ea1\" data-id=\"f888ea1\" data-element_type=\"column\">\n\t\t\t<div class=\"elementor-widget-wrap\">\n\t\t\t\t\t\t\t<\/div>\n\t\t<\/div>\n\t\t\t\t<div class=\"elementor-column elementor-col-50 elementor-top-column elementor-element elementor-element-ccaf5bc\" data-id=\"ccaf5bc\" data-element_type=\"column\">\n\t\t\t<div class=\"elementor-widget-wrap\">\n\t\t\t\t\t\t\t<\/div>\n\t\t<\/div>\n\t\t\t\t\t<\/div>\n\t\t<\/section>\n\t\t\t\t<section class=\"elementor-section elementor-top-section elementor-element elementor-element-2a64e45 elementor-section-boxed elementor-section-height-default elementor-section-height-default\" data-id=\"2a64e45\" data-element_type=\"section\">\n\t\t\t\t\t\t<div class=\"elementor-container elementor-column-gap-default\">\n\t\t\t\t\t<div class=\"elementor-column elementor-col-33 elementor-top-column elementor-element elementor-element-8a15cb7\" data-id=\"8a15cb7\" data-element_type=\"column\">\n\t\t\t<div class=\"elementor-widget-wrap\">\n\t\t\t\t\t\t\t<\/div>\n\t\t<\/div>\n\t\t\t\t<div class=\"elementor-column elementor-col-33 elementor-top-column elementor-element elementor-element-0b11bbb\" data-id=\"0b11bbb\" data-element_type=\"column\">\n\t\t\t<div class=\"elementor-widget-wrap elementor-element-populated\">\n\t\t\t\t\t\t<div class=\"elementor-element elementor-element-ac8b805 elementor-widget elementor-widget-heading\" data-id=\"ac8b805\" data-element_type=\"widget\" data-widget_type=\"heading.default\">\n\t\t\t\t<div class=\"elementor-widget-container\">\n\t\t\t\t\t<h2 class=\"elementor-heading-title elementor-size-default\">13 PLACES, 13 FLOORS IN YOUR HOUSE<\/h2>\t\t\t\t<\/div>\n\t\t\t\t<\/div>\n\t\t\t\t<div class=\"elementor-element elementor-element-8d27e4c elementor-widget elementor-widget-text-editor\" data-id=\"8d27e4c\" data-element_type=\"widget\" data-widget_type=\"text-editor.default\">\n\t\t\t\t<div class=\"elementor-widget-container\">\n\t\t\t\t\t\t\t\t\t<p>Now on sale are the prints of the reproductions of the murals in the squares of Oviedo made by To\u00f1o Velasco and photographed by Pedro Dom\u00ednguez Carazo.<\/p>\t\t\t\t\t\t\t\t<\/div>\n\t\t\t\t<\/div>\n\t\t\t\t<div class=\"elementor-element elementor-element-65ee29f elementor-widget elementor-widget-image\" data-id=\"65ee29f\" data-element_type=\"widget\" data-widget_type=\"image.default\">\n\t\t\t\t<div class=\"elementor-widget-container\">\n\t\t\t\t\t\t\t\t\t\t\t\t\t\t\t<img decoding=\"async\" width=\"640\" height=\"380\" src=\"https:\/\/www.tonovelasco.es\/wp-content\/uploads\/2024\/07\/image.jpg\" class=\"attachment-large size-large wp-image-2631\" alt=\"image\" srcset=\"https:\/\/www.tonovelasco.es\/wp-content\/uploads\/2024\/07\/image.jpg 640w, https:\/\/www.tonovelasco.es\/wp-content\/uploads\/2024\/07\/image-300x178.jpg 300w, https:\/\/www.tonovelasco.es\/wp-content\/uploads\/2024\/07\/image-18x12.jpg 18w\" sizes=\"(max-width: 640px) 100vw, 640px\" \/>\t\t\t\t\t\t\t\t\t\t\t\t\t\t\t<\/div>\n\t\t\t\t<\/div>\n\t\t\t\t\t<\/div>\n\t\t<\/div>\n\t\t\t\t<div class=\"elementor-column elementor-col-33 elementor-top-column elementor-element elementor-element-5b57054\" data-id=\"5b57054\" data-element_type=\"column\">\n\t\t\t<div class=\"elementor-widget-wrap\">\n\t\t\t\t\t\t\t<\/div>\n\t\t<\/div>\n\t\t\t\t\t<\/div>\n\t\t<\/section>\n\t\t\t\t<section class=\"elementor-section elementor-top-section elementor-element elementor-element-17d73b0 elementor-section-boxed elementor-section-height-default elementor-section-height-default\" data-id=\"17d73b0\" data-element_type=\"section\">\n\t\t\t\t\t\t<div class=\"elementor-container elementor-column-gap-default\">\n\t\t\t\t\t<div class=\"elementor-column elementor-col-100 elementor-top-column elementor-element elementor-element-d502245\" data-id=\"d502245\" data-element_type=\"column\">\n\t\t\t<div class=\"elementor-widget-wrap elementor-element-populated\">\n\t\t\t\t\t\t<div class=\"elementor-element elementor-element-6d0222d elementor-widget elementor-widget-text-editor\" data-id=\"6d0222d\" data-element_type=\"widget\" data-widget_type=\"text-editor.default\">\n\t\t\t\t<div class=\"elementor-widget-container\">\n\t\t\t\t\t\t\t\t\t<p>A run of 100 originals per design<\/p>\t\t\t\t\t\t\t\t<\/div>\n\t\t\t\t<\/div>\n\t\t\t\t<div class=\"elementor-element elementor-element-e8df909 elementor-widget elementor-widget-gallery\" data-id=\"e8df909\" data-element_type=\"widget\" data-settings=\"{&quot;aspect_ratio&quot;:&quot;21:9&quot;,&quot;image_hover_animation&quot;:&quot;grow&quot;,&quot;lazyload&quot;:&quot;yes&quot;,&quot;gallery_layout&quot;:&quot;grid&quot;,&quot;columns&quot;:4,&quot;columns_tablet&quot;:2,&quot;columns_mobile&quot;:1,&quot;gap&quot;:{&quot;unit&quot;:&quot;px&quot;,&quot;size&quot;:10,&quot;sizes&quot;:[]},&quot;gap_tablet&quot;:{&quot;unit&quot;:&quot;px&quot;,&quot;size&quot;:10,&quot;sizes&quot;:[]},&quot;gap_mobile&quot;:{&quot;unit&quot;:&quot;px&quot;,&quot;size&quot;:10,&quot;sizes&quot;:[]},&quot;link_to&quot;:&quot;file&quot;,&quot;overlay_background&quot;:&quot;yes&quot;,&quot;content_hover_animation&quot;:&quot;fade-in&quot;}\" data-widget_type=\"gallery.default\">\n\t\t\t\t<div class=\"elementor-widget-container\">\n\t\t\t\t\t\t\t<div class=\"elementor-gallery__container\">\n\t\t\t\t\t\t\t<a class=\"e-gallery-item elementor-gallery-item elementor-animated-content\" href=\"https:\/\/www.tonovelasco.es\/wp-content\/uploads\/2024\/07\/1-fontan.jpg\" data-elementor-open-lightbox=\"yes\" data-elementor-lightbox-slideshow=\"e8df909\" data-elementor-lightbox-title=\"1 FONTAN\" data-elementor-lightbox-description=\"1 FONTAN\" data-e-action-hash=\"#elementor-action%3Aaction%3Dlightbox%26settings%3DeyJpZCI6MjY1MywidXJsIjoiaHR0cHM6XC9cL3d3dy50b25vdmVsYXNjby5lc1wvd3AtY29udGVudFwvdXBsb2Fkc1wvMjAyNFwvMDdcLzEtZm9udGFuLmpwZyIsInNsaWRlc2hvdyI6ImU4ZGY5MDkifQ%3D%3D\">\n\t\t\t\t\t<div class=\"e-gallery-image elementor-gallery-item__image\" data-thumbnail=\"https:\/\/www.tonovelasco.es\/wp-content\/uploads\/2024\/07\/1-fontan-300x150.jpg\" data-width=\"300\" data-height=\"150\" aria-label=\"1 FONTAN\" role=\"img\" ><\/div>\n\t\t\t\t\t\t\t\t\t\t\t<div class=\"elementor-gallery-item__overlay\"><\/div>\n\t\t\t\t\t\t\t\t\t\t\t\t\t\t<\/a>\n\t\t\t\t\t\t\t<a class=\"e-gallery-item elementor-gallery-item elementor-animated-content\" href=\"https:\/\/www.tonovelasco.es\/wp-content\/uploads\/2024\/07\/2-alamos.jpg\" data-elementor-open-lightbox=\"yes\" data-elementor-lightbox-slideshow=\"e8df909\" data-elementor-lightbox-title=\"2 ALAMOS\" data-elementor-lightbox-description=\"2 ALAMOS\" data-e-action-hash=\"#elementor-action%3Aaction%3Dlightbox%26settings%3DeyJpZCI6MjY1NCwidXJsIjoiaHR0cHM6XC9cL3d3dy50b25vdmVsYXNjby5lc1wvd3AtY29udGVudFwvdXBsb2Fkc1wvMjAyNFwvMDdcLzItYWxhbW9zLmpwZyIsInNsaWRlc2hvdyI6ImU4ZGY5MDkifQ%3D%3D\">\n\t\t\t\t\t<div class=\"e-gallery-image elementor-gallery-item__image\" data-thumbnail=\"https:\/\/www.tonovelasco.es\/wp-content\/uploads\/2024\/07\/2-alamos-300x150.jpg\" data-width=\"300\" data-height=\"150\" aria-label=\"2 ALAMOS\" role=\"img\" ><\/div>\n\t\t\t\t\t\t\t\t\t\t\t<div class=\"elementor-gallery-item__overlay\"><\/div>\n\t\t\t\t\t\t\t\t\t\t\t\t\t\t<\/a>\n\t\t\t\t\t\t\t<a class=\"e-gallery-item elementor-gallery-item elementor-animated-content\" href=\"https:\/\/www.tonovelasco.es\/wp-content\/uploads\/2024\/07\/3-constitucion.jpg\" data-elementor-open-lightbox=\"yes\" data-elementor-lightbox-slideshow=\"e8df909\" data-elementor-lightbox-title=\"3 CONSTITUCION\" data-elementor-lightbox-description=\"3 CONSTITUCION\" data-e-action-hash=\"#elementor-action%3Aaction%3Dlightbox%26settings%3DeyJpZCI6MjY1NSwidXJsIjoiaHR0cHM6XC9cL3d3dy50b25vdmVsYXNjby5lc1wvd3AtY29udGVudFwvdXBsb2Fkc1wvMjAyNFwvMDdcLzMtY29uc3RpdHVjaW9uLmpwZyIsInNsaWRlc2hvdyI6ImU4ZGY5MDkifQ%3D%3D\">\n\t\t\t\t\t<div class=\"e-gallery-image elementor-gallery-item__image\" data-thumbnail=\"https:\/\/www.tonovelasco.es\/wp-content\/uploads\/2024\/07\/3-constitucion-300x150.jpg\" data-width=\"300\" data-height=\"150\" aria-label=\"3 CONSTITUTION\" role=\"img\" ><\/div>\n\t\t\t\t\t\t\t\t\t\t\t<div class=\"elementor-gallery-item__overlay\"><\/div>\n\t\t\t\t\t\t\t\t\t\t\t\t\t\t<\/a>\n\t\t\t\t\t\t\t<a class=\"e-gallery-item elementor-gallery-item elementor-animated-content\" href=\"https:\/\/www.tonovelasco.es\/wp-content\/uploads\/2024\/07\/4-escandalera.jpg\" data-elementor-open-lightbox=\"yes\" data-elementor-lightbox-slideshow=\"e8df909\" data-elementor-lightbox-title=\"4 ESCANDALERA\" data-elementor-lightbox-description=\"4 ESCANDALERA\" data-e-action-hash=\"#elementor-action%3Aaction%3Dlightbox%26settings%3DeyJpZCI6MjY1NiwidXJsIjoiaHR0cHM6XC9cL3d3dy50b25vdmVsYXNjby5lc1wvd3AtY29udGVudFwvdXBsb2Fkc1wvMjAyNFwvMDdcLzQtZXNjYW5kYWxlcmEuanBnIiwic2xpZGVzaG93IjoiZThkZjkwOSJ9\">\n\t\t\t\t\t<div class=\"e-gallery-image elementor-gallery-item__image\" data-thumbnail=\"https:\/\/www.tonovelasco.es\/wp-content\/uploads\/2024\/07\/4-escandalera-300x150.jpg\" data-width=\"300\" data-height=\"150\" aria-label=\"4 SCANDALERA\" role=\"img\" ><\/div>\n\t\t\t\t\t\t\t\t\t\t\t<div class=\"elementor-gallery-item__overlay\"><\/div>\n\t\t\t\t\t\t\t\t\t\t\t\t\t\t<\/a>\n\t\t\t\t\t\t\t<a class=\"e-gallery-item elementor-gallery-item elementor-animated-content\" href=\"https:\/\/www.tonovelasco.es\/wp-content\/uploads\/2024\/07\/5-cimadevilla.jpg\" data-elementor-open-lightbox=\"yes\" data-elementor-lightbox-slideshow=\"e8df909\" data-elementor-lightbox-title=\"5 CIMADEVILLA\" data-elementor-lightbox-description=\"5 CIMADEVILLA\" data-e-action-hash=\"#elementor-action%3Aaction%3Dlightbox%26settings%3DeyJpZCI6MjY1NywidXJsIjoiaHR0cHM6XC9cL3d3dy50b25vdmVsYXNjby5lc1wvd3AtY29udGVudFwvdXBsb2Fkc1wvMjAyNFwvMDdcLzUtY2ltYWRldmlsbGEuanBnIiwic2xpZGVzaG93IjoiZThkZjkwOSJ9\">\n\t\t\t\t\t<div class=\"e-gallery-image elementor-gallery-item__image\" data-thumbnail=\"https:\/\/www.tonovelasco.es\/wp-content\/uploads\/2024\/07\/5-cimadevilla-300x150.jpg\" data-width=\"300\" data-height=\"150\" aria-label=\"5 CIMADEVILLA\" role=\"img\" ><\/div>\n\t\t\t\t\t\t\t\t\t\t\t<div class=\"elementor-gallery-item__overlay\"><\/div>\n\t\t\t\t\t\t\t\t\t\t\t\t\t\t<\/a>\n\t\t\t\t\t\t\t<a class=\"e-gallery-item elementor-gallery-item elementor-animated-content\" href=\"https:\/\/www.tonovelasco.es\/wp-content\/uploads\/2024\/07\/6-plz-catedral.jpg\" data-elementor-open-lightbox=\"yes\" data-elementor-lightbox-slideshow=\"e8df909\" data-elementor-lightbox-title=\"6 PLZ CATEDRAL\" data-elementor-lightbox-description=\"6 PLZ CATEDRAL\" data-e-action-hash=\"#elementor-action%3Aaction%3Dlightbox%26settings%3DeyJpZCI6MjY1OCwidXJsIjoiaHR0cHM6XC9cL3d3dy50b25vdmVsYXNjby5lc1wvd3AtY29udGVudFwvdXBsb2Fkc1wvMjAyNFwvMDdcLzYtcGx6LWNhdGVkcmFsLmpwZyIsInNsaWRlc2hvdyI6ImU4ZGY5MDkifQ%3D%3D\">\n\t\t\t\t\t<div class=\"e-gallery-image elementor-gallery-item__image\" data-thumbnail=\"https:\/\/www.tonovelasco.es\/wp-content\/uploads\/2024\/07\/6-plz-catedral-300x150.jpg\" data-width=\"300\" data-height=\"150\" aria-label=\"6 PLZ CATHEDRAL\" role=\"img\" ><\/div>\n\t\t\t\t\t\t\t\t\t\t\t<div class=\"elementor-gallery-item__overlay\"><\/div>\n\t\t\t\t\t\t\t\t\t\t\t\t\t\t<\/a>\n\t\t\t\t\t\t\t<a class=\"e-gallery-item elementor-gallery-item elementor-animated-content\" href=\"https:\/\/www.tonovelasco.es\/wp-content\/uploads\/2024\/07\/7-riego.jpg\" data-elementor-open-lightbox=\"yes\" data-elementor-lightbox-slideshow=\"e8df909\" data-elementor-lightbox-title=\"7 RIEGO\" data-elementor-lightbox-description=\"7 RIEGO\" data-e-action-hash=\"#elementor-action%3Aaction%3Dlightbox%26settings%3DeyJpZCI6MjY1OSwidXJsIjoiaHR0cHM6XC9cL3d3dy50b25vdmVsYXNjby5lc1wvd3AtY29udGVudFwvdXBsb2Fkc1wvMjAyNFwvMDdcLzctcmllZ28uanBnIiwic2xpZGVzaG93IjoiZThkZjkwOSJ9\">\n\t\t\t\t\t<div class=\"e-gallery-image elementor-gallery-item__image\" data-thumbnail=\"https:\/\/www.tonovelasco.es\/wp-content\/uploads\/2024\/07\/7-riego-300x150.jpg\" data-width=\"300\" data-height=\"150\" aria-label=\"7 IRRIGATION\" role=\"img\" ><\/div>\n\t\t\t\t\t\t\t\t\t\t\t<div class=\"elementor-gallery-item__overlay\"><\/div>\n\t\t\t\t\t\t\t\t\t\t\t\t\t\t<\/a>\n\t\t\t\t\t\t\t<a class=\"e-gallery-item elementor-gallery-item elementor-animated-content\" href=\"https:\/\/www.tonovelasco.es\/wp-content\/uploads\/2024\/07\/8-primo-de-rivera.jpg\" data-elementor-open-lightbox=\"yes\" data-elementor-lightbox-slideshow=\"e8df909\" data-elementor-lightbox-title=\"8 PRIMO DE RIVERA\" data-elementor-lightbox-description=\"8 PRIMO DE RIVERA\" data-e-action-hash=\"#elementor-action%3Aaction%3Dlightbox%26settings%3DeyJpZCI6MjY2MCwidXJsIjoiaHR0cHM6XC9cL3d3dy50b25vdmVsYXNjby5lc1wvd3AtY29udGVudFwvdXBsb2Fkc1wvMjAyNFwvMDdcLzgtcHJpbW8tZGUtcml2ZXJhLmpwZyIsInNsaWRlc2hvdyI6ImU4ZGY5MDkifQ%3D%3D\">\n\t\t\t\t\t<div class=\"e-gallery-image elementor-gallery-item__image\" data-thumbnail=\"https:\/\/www.tonovelasco.es\/wp-content\/uploads\/2024\/07\/8-primo-de-rivera-300x150.jpg\" data-width=\"300\" data-height=\"150\" aria-label=\"8 COUSIN OF RIVERA\" role=\"img\" ><\/div>\n\t\t\t\t\t\t\t\t\t\t\t<div class=\"elementor-gallery-item__overlay\"><\/div>\n\t\t\t\t\t\t\t\t\t\t\t\t\t\t<\/a>\n\t\t\t\t\t\t\t<a class=\"e-gallery-item elementor-gallery-item elementor-animated-content\" href=\"https:\/\/www.tonovelasco.es\/wp-content\/uploads\/2024\/07\/9-porlier.jpg\" data-elementor-open-lightbox=\"yes\" data-elementor-lightbox-slideshow=\"e8df909\" data-elementor-lightbox-title=\"9 PORLIER\" data-elementor-lightbox-description=\"9 PORLIER\" data-e-action-hash=\"#elementor-action%3Aaction%3Dlightbox%26settings%3DeyJpZCI6MjY2MSwidXJsIjoiaHR0cHM6XC9cL3d3dy50b25vdmVsYXNjby5lc1wvd3AtY29udGVudFwvdXBsb2Fkc1wvMjAyNFwvMDdcLzktcG9ybGllci5qcGciLCJzbGlkZXNob3ciOiJlOGRmOTA5In0%3D\">\n\t\t\t\t\t<div class=\"e-gallery-image elementor-gallery-item__image\" data-thumbnail=\"https:\/\/www.tonovelasco.es\/wp-content\/uploads\/2024\/07\/9-porlier-300x150.jpg\" data-width=\"300\" data-height=\"150\" aria-label=\"9 PORLIER\" role=\"img\" ><\/div>\n\t\t\t\t\t\t\t\t\t\t\t<div class=\"elementor-gallery-item__overlay\"><\/div>\n\t\t\t\t\t\t\t\t\t\t\t\t\t\t<\/a>\n\t\t\t\t\t\t\t<a class=\"e-gallery-item elementor-gallery-item elementor-animated-content\" href=\"https:\/\/www.tonovelasco.es\/wp-content\/uploads\/2024\/07\/10-paraguas.jpg\" data-elementor-open-lightbox=\"yes\" data-elementor-lightbox-slideshow=\"e8df909\" data-elementor-lightbox-title=\"10 PARAGUAS\" data-elementor-lightbox-description=\"10 PARAGUAS\" data-e-action-hash=\"#elementor-action%3Aaction%3Dlightbox%26settings%3DeyJpZCI6MjY2MiwidXJsIjoiaHR0cHM6XC9cL3d3dy50b25vdmVsYXNjby5lc1wvd3AtY29udGVudFwvdXBsb2Fkc1wvMjAyNFwvMDdcLzEwLXBhcmFndWFzLmpwZyIsInNsaWRlc2hvdyI6ImU4ZGY5MDkifQ%3D%3D\">\n\t\t\t\t\t<div class=\"e-gallery-image elementor-gallery-item__image\" data-thumbnail=\"https:\/\/www.tonovelasco.es\/wp-content\/uploads\/2024\/07\/10-paraguas-300x150.jpg\" data-width=\"300\" data-height=\"150\" aria-label=\"10 UMBRELLA\" role=\"img\" ><\/div>\n\t\t\t\t\t\t\t\t\t\t\t<div class=\"elementor-gallery-item__overlay\"><\/div>\n\t\t\t\t\t\t\t\t\t\t\t\t\t\t<\/a>\n\t\t\t\t\t\t\t<a class=\"e-gallery-item elementor-gallery-item elementor-animated-content\" href=\"https:\/\/www.tonovelasco.es\/wp-content\/uploads\/2024\/07\/11-feijoo.jpg\" data-elementor-open-lightbox=\"yes\" data-elementor-lightbox-slideshow=\"e8df909\" data-elementor-lightbox-title=\"11 FEIJOO\" data-elementor-lightbox-description=\"11 FEIJOO\" data-e-action-hash=\"#elementor-action%3Aaction%3Dlightbox%26settings%3DeyJpZCI6MjY2MywidXJsIjoiaHR0cHM6XC9cL3d3dy50b25vdmVsYXNjby5lc1wvd3AtY29udGVudFwvdXBsb2Fkc1wvMjAyNFwvMDdcLzExLWZlaWpvby5qcGciLCJzbGlkZXNob3ciOiJlOGRmOTA5In0%3D\">\n\t\t\t\t\t<div class=\"e-gallery-image elementor-gallery-item__image\" data-thumbnail=\"https:\/\/www.tonovelasco.es\/wp-content\/uploads\/2024\/07\/11-feijoo-300x150.jpg\" data-width=\"300\" data-height=\"150\" aria-label=\"11 FEIJOO\" role=\"img\" ><\/div>\n\t\t\t\t\t\t\t\t\t\t\t<div class=\"elementor-gallery-item__overlay\"><\/div>\n\t\t\t\t\t\t\t\t\t\t\t\t\t\t<\/a>\n\t\t\t\t\t\t\t<a class=\"e-gallery-item elementor-gallery-item elementor-animated-content\" href=\"https:\/\/www.tonovelasco.es\/wp-content\/uploads\/2024\/07\/12-trascorrales.jpg\" data-elementor-open-lightbox=\"yes\" data-elementor-lightbox-slideshow=\"e8df909\" data-elementor-lightbox-title=\"12 TRASCORRALES\" data-elementor-lightbox-description=\"12 TRASCORRALES\" data-e-action-hash=\"#elementor-action%3Aaction%3Dlightbox%26settings%3DeyJpZCI6MjY2NCwidXJsIjoiaHR0cHM6XC9cL3d3dy50b25vdmVsYXNjby5lc1wvd3AtY29udGVudFwvdXBsb2Fkc1wvMjAyNFwvMDdcLzEyLXRyYXNjb3JyYWxlcy5qcGciLCJzbGlkZXNob3ciOiJlOGRmOTA5In0%3D\">\n\t\t\t\t\t<div class=\"e-gallery-image elementor-gallery-item__image\" data-thumbnail=\"https:\/\/www.tonovelasco.es\/wp-content\/uploads\/2024\/07\/12-trascorrales-300x150.jpg\" data-width=\"300\" data-height=\"150\" aria-label=\"12 TRACORRALES\" role=\"img\" ><\/div>\n\t\t\t\t\t\t\t\t\t\t\t<div class=\"elementor-gallery-item__overlay\"><\/div>\n\t\t\t\t\t\t\t\t\t\t\t\t\t\t<\/a>\n\t\t\t\t\t\t\t<a class=\"e-gallery-item elementor-gallery-item elementor-animated-content\" href=\"https:\/\/www.tonovelasco.es\/wp-content\/uploads\/2024\/07\/13-daoiz-y-velarde.jpg\" data-elementor-open-lightbox=\"yes\" data-elementor-lightbox-slideshow=\"e8df909\" data-elementor-lightbox-title=\"13 DAOIZ Y VELARDE\" data-elementor-lightbox-description=\"13 DAOIZ Y VELARDE\" data-e-action-hash=\"#elementor-action%3Aaction%3Dlightbox%26settings%3DeyJpZCI6MjY2NSwidXJsIjoiaHR0cHM6XC9cL3d3dy50b25vdmVsYXNjby5lc1wvd3AtY29udGVudFwvdXBsb2Fkc1wvMjAyNFwvMDdcLzEzLWRhb2l6LXktdmVsYXJkZS5qcGciLCJzbGlkZXNob3ciOiJlOGRmOTA5In0%3D\">\n\t\t\t\t\t<div class=\"e-gallery-image elementor-gallery-item__image\" data-thumbnail=\"https:\/\/www.tonovelasco.es\/wp-content\/uploads\/2024\/07\/13-daoiz-y-velarde-300x150.jpg\" data-width=\"300\" data-height=\"150\" aria-label=\"13 DAOIZ AND VELARDE\" role=\"img\" ><\/div>\n\t\t\t\t\t\t\t\t\t\t\t<div class=\"elementor-gallery-item__overlay\"><\/div>\n\t\t\t\t\t\t\t\t\t\t\t\t\t\t<\/a>\n\t\t\t\t\t<\/div>\n\t\t\t\t\t<\/div>\n\t\t\t\t<\/div>\n\t\t\t\t<div class=\"elementor-element elementor-element-e43e817 elementor-widget elementor-widget-heading\" data-id=\"e43e817\" data-element_type=\"widget\" data-widget_type=\"heading.default\">\n\t\t\t\t<div class=\"elementor-widget-container\">\n\t\t\t\t\t<h2 class=\"elementor-heading-title elementor-size-default\">Poster of the Ascension Fair 2023<\/h2>\t\t\t\t<\/div>\n\t\t\t\t<\/div>\n\t\t\t\t<div class=\"elementor-element elementor-element-2940de9 elementor-widget elementor-widget-text-editor\" data-id=\"2940de9\" data-element_type=\"widget\" data-widget_type=\"text-editor.default\">\n\t\t\t\t<div class=\"elementor-widget-container\">\n\t\t\t\t\t\t\t\t\t<p>In a print run of 50 originals<\/p>\t\t\t\t\t\t\t\t<\/div>\n\t\t\t\t<\/div>\n\t\t\t\t\t<\/div>\n\t\t<\/div>\n\t\t\t\t\t<\/div>\n\t\t<\/section>\n\t\t\t\t<section class=\"elementor-section elementor-top-section elementor-element elementor-element-674f5ae elementor-section-boxed elementor-section-height-default elementor-section-height-default\" data-id=\"674f5ae\" data-element_type=\"section\">\n\t\t\t\t\t\t<div class=\"elementor-container elementor-column-gap-default\">\n\t\t\t\t\t<div class=\"elementor-column elementor-col-33 elementor-top-column elementor-element elementor-element-b7489db\" data-id=\"b7489db\" data-element_type=\"column\">\n\t\t\t<div class=\"elementor-widget-wrap\">\n\t\t\t\t\t\t\t<\/div>\n\t\t<\/div>\n\t\t\t\t<div class=\"elementor-column elementor-col-33 elementor-top-column elementor-element elementor-element-c52b158\" data-id=\"c52b158\" data-element_type=\"column\">\n\t\t\t<div class=\"elementor-widget-wrap elementor-element-populated\">\n\t\t\t\t\t\t<div class=\"elementor-element elementor-element-7a13ea6 elementor-widget__width-initial elementor-widget elementor-widget-image\" data-id=\"7a13ea6\" data-element_type=\"widget\" data-widget_type=\"image.default\">\n\t\t\t\t<div class=\"elementor-widget-container\">\n\t\t\t\t\t\t\t\t\t\t\t\t\t\t\t<img decoding=\"async\" width=\"766\" height=\"1024\" src=\"https:\/\/www.tonovelasco.es\/wp-content\/uploads\/2024\/07\/350295749-919074169354930-1660344180785549535-n-766x1024.jpg\" class=\"attachment-large size-large wp-image-2673\" alt=\"350295749 919074169354930 1660344180785549535 n\" srcset=\"https:\/\/www.tonovelasco.es\/wp-content\/uploads\/2024\/07\/350295749-919074169354930-1660344180785549535-n-766x1024.jpg 766w, https:\/\/www.tonovelasco.es\/wp-content\/uploads\/2024\/07\/350295749-919074169354930-1660344180785549535-n-225x300.jpg 225w, https:\/\/www.tonovelasco.es\/wp-content\/uploads\/2024\/07\/350295749-919074169354930-1660344180785549535-n-768x1026.jpg 768w, https:\/\/www.tonovelasco.es\/wp-content\/uploads\/2024\/07\/350295749-919074169354930-1660344180785549535-n-1149x1536.jpg 1149w, https:\/\/www.tonovelasco.es\/wp-content\/uploads\/2024\/07\/350295749-919074169354930-1660344180785549535-n-9x12.jpg 9w, https:\/\/www.tonovelasco.es\/wp-content\/uploads\/2024\/07\/350295749-919074169354930-1660344180785549535-n.jpg 1368w\" sizes=\"(max-width: 766px) 100vw, 766px\" \/>\t\t\t\t\t\t\t\t\t\t\t\t\t\t\t<\/div>\n\t\t\t\t<\/div>\n\t\t\t\t\t<\/div>\n\t\t<\/div>\n\t\t\t\t<div class=\"elementor-column elementor-col-33 elementor-top-column elementor-element elementor-element-01863e1\" data-id=\"01863e1\" data-element_type=\"column\">\n\t\t\t<div class=\"elementor-widget-wrap\">\n\t\t\t\t\t\t\t<\/div>\n\t\t<\/div>\n\t\t\t\t\t<\/div>\n\t\t<\/section>\n\t\t\t\t<\/div>","protected":false},"excerpt":{"rendered":"<p>L\u00e1minas Impresas en papel Hahnem\u00fchle. Numeradas y firmadas por su autor. Tama\u00f1o 30&#215;40 cm (otros consultar). Se sirven enmarcadas con moldura y pvc est\u00e1ndar. Portes no incluidos. 13 PLAZAS, 13 PLANTAS EN TU CASA Ya a la venta las l\u00e1minas de las reproducciones&nbsp;de los murales de las plazas de Oviedo&nbsp;realizados por To\u00f1o Velasco y&nbsp;fotografiados por [&hellip;]<\/p>","protected":false},"author":5,"featured_media":0,"parent":0,"menu_order":15,"comment_status":"closed","ping_status":"closed","template":"","meta":{"_joinchat":[],"footnotes":""},"class_list":["post-1938","page","type-page","status-publish","hentry"],"_links":{"self":[{"href":"https:\/\/www.tonovelasco.es\/en\/wp-json\/wp\/v2\/pages\/1938","targetHints":{"allow":["GET"]}}],"collection":[{"href":"https:\/\/www.tonovelasco.es\/en\/wp-json\/wp\/v2\/pages"}],"about":[{"href":"https:\/\/www.tonovelasco.es\/en\/wp-json\/wp\/v2\/types\/page"}],"author":[{"embeddable":true,"href":"https:\/\/www.tonovelasco.es\/en\/wp-json\/wp\/v2\/users\/5"}],"replies":[{"embeddable":true,"href":"https:\/\/www.tonovelasco.es\/en\/wp-json\/wp\/v2\/comments?post=1938"}],"version-history":[{"count":5,"href":"https:\/\/www.tonovelasco.es\/en\/wp-json\/wp\/v2\/pages\/1938\/revisions"}],"predecessor-version":[{"id":2676,"href":"https:\/\/www.tonovelasco.es\/en\/wp-json\/wp\/v2\/pages\/1938\/revisions\/2676"}],"wp:attachment":[{"href":"https:\/\/www.tonovelasco.es\/en\/wp-json\/wp\/v2\/media?parent=1938"}],"curies":[{"name":"wp","href":"https:\/\/api.w.org\/{rel}","templated":true}]}}