{"id":3517,"date":"2025-12-03T12:12:39","date_gmt":"2025-12-03T11:12:39","guid":{"rendered":"https:\/\/www.tonovelasco.es\/?page_id=3517"},"modified":"2025-12-03T16:35:09","modified_gmt":"2025-12-03T15:35:09","slug":"el-altar-de-los-anhelos","status":"publish","type":"page","link":"https:\/\/www.tonovelasco.es\/en\/el-altar-de-los-anhelos\/","title":{"rendered":"El altar de los anhelos"},"content":{"rendered":"<div data-elementor-type=\"wp-page\" data-elementor-id=\"3517\" class=\"elementor elementor-3517\" data-elementor-post-type=\"page\">\n\t\t\t\t\t\t<section class=\"elementor-section elementor-top-section elementor-element elementor-element-c8978ab elementor-section-boxed elementor-section-height-default elementor-section-height-default\" data-id=\"c8978ab\" data-element_type=\"section\">\n\t\t\t\t\t\t<div class=\"elementor-container elementor-column-gap-default\">\n\t\t\t\t\t<div class=\"elementor-column elementor-col-100 elementor-top-column elementor-element elementor-element-1e8935b\" data-id=\"1e8935b\" data-element_type=\"column\">\n\t\t\t<div class=\"elementor-widget-wrap elementor-element-populated\">\n\t\t\t\t\t\t<div class=\"elementor-element elementor-element-90496e2 elementor-widget elementor-widget-heading\" data-id=\"90496e2\" data-element_type=\"widget\" data-widget_type=\"heading.default\">\n\t\t\t\t<div class=\"elementor-widget-container\">\n\t\t\t\t\t<h2 class=\"elementor-heading-title elementor-size-default\">El altar de los anhelos<\/h2>\t\t\t\t<\/div>\n\t\t\t\t<\/div>\n\t\t\t\t\t<\/div>\n\t\t<\/div>\n\t\t\t\t\t<\/div>\n\t\t<\/section>\n\t\t\t\t<section class=\"elementor-section elementor-top-section elementor-element elementor-element-afbb7ba elementor-section-boxed elementor-section-height-default elementor-section-height-default\" data-id=\"afbb7ba\" data-element_type=\"section\">\n\t\t\t\t\t\t<div class=\"elementor-container elementor-column-gap-default\">\n\t\t\t\t\t<div class=\"elementor-column elementor-col-100 elementor-top-column elementor-element elementor-element-ba1fd48\" data-id=\"ba1fd48\" data-element_type=\"column\">\n\t\t\t<div class=\"elementor-widget-wrap elementor-element-populated\">\n\t\t\t\t\t\t<div class=\"elementor-element elementor-element-ac72ebc elementor-widget elementor-widget-heading\" data-id=\"ac72ebc\" data-element_type=\"widget\" data-widget_type=\"heading.default\">\n\t\t\t\t<div class=\"elementor-widget-container\">\n\t\t\t\t\t<h2 class=\"elementor-heading-title elementor-size-default\">Instalaci\u00f3n participativa y taller con comunidades migrantes<\/h2>\t\t\t\t<\/div>\n\t\t\t\t<\/div>\n\t\t\t\t<div class=\"elementor-element elementor-element-ee6640c elementor-widget elementor-widget-image\" data-id=\"ee6640c\" data-element_type=\"widget\" data-widget_type=\"image.default\">\n\t\t\t\t<div class=\"elementor-widget-container\">\n\t\t\t\t\t\t\t\t\t\t\t\t\t\t\t<img fetchpriority=\"high\" decoding=\"async\" width=\"800\" height=\"393\" src=\"https:\/\/www.tonovelasco.es\/wp-content\/uploads\/2025\/12\/FB-IMG-1761118200210-1024x503.jpg\" class=\"attachment-large size-large wp-image-3519\" alt=\"FB IMG 1761118200210\" srcset=\"https:\/\/www.tonovelasco.es\/wp-content\/uploads\/2025\/12\/FB-IMG-1761118200210-1024x503.jpg 1024w, https:\/\/www.tonovelasco.es\/wp-content\/uploads\/2025\/12\/FB-IMG-1761118200210-300x147.jpg 300w, https:\/\/www.tonovelasco.es\/wp-content\/uploads\/2025\/12\/FB-IMG-1761118200210-768x377.jpg 768w, https:\/\/www.tonovelasco.es\/wp-content\/uploads\/2025\/12\/FB-IMG-1761118200210-1536x755.jpg 1536w, https:\/\/www.tonovelasco.es\/wp-content\/uploads\/2025\/12\/FB-IMG-1761118200210-18x9.jpg 18w, https:\/\/www.tonovelasco.es\/wp-content\/uploads\/2025\/12\/FB-IMG-1761118200210.jpg 1789w\" sizes=\"(max-width: 800px) 100vw, 800px\" \/>\t\t\t\t\t\t\t\t\t\t\t\t\t\t\t<\/div>\n\t\t\t\t<\/div>\n\t\t\t\t\t<\/div>\n\t\t<\/div>\n\t\t\t\t\t<\/div>\n\t\t<\/section>\n\t\t\t\t<section class=\"elementor-section elementor-top-section elementor-element elementor-element-1b99e69 elementor-section-boxed elementor-section-height-default elementor-section-height-default\" data-id=\"1b99e69\" data-element_type=\"section\">\n\t\t\t\t\t\t<div class=\"elementor-container elementor-column-gap-default\">\n\t\t\t\t\t<div class=\"elementor-column elementor-col-100 elementor-top-column elementor-element elementor-element-d838a87\" data-id=\"d838a87\" data-element_type=\"column\">\n\t\t\t<div class=\"elementor-widget-wrap elementor-element-populated\">\n\t\t\t\t\t\t<div class=\"elementor-element elementor-element-9893de0 elementor-widget elementor-widget-video\" data-id=\"9893de0\" data-element_type=\"widget\" data-widget_type=\"video.default\">\n\t\t\t\t<div class=\"elementor-widget-container\">\n\t\t\t\t\t\t\t<div class=\"elementor-wrapper elementor-open-inline\">\n\t\t\t<div class=\"elementor-video\"><div class=\"BorlabsCookie _brlbs-cb-youtube\"><div class=\"_brlbs-content-blocker\"> <div class=\"_brlbs-embed _brlbs-video-youtube\"> <img decoding=\"async\" class=\"_brlbs-thumbnail\" src=\"https:\/\/www.tonovelasco.es\/wp-content\/plugins\/borlabs-cookie\/assets\/images\/cb-no-thumbnail.png\" alt=\"Youtube\"> <div class=\"_brlbs-caption\"> <p>By uploading the video, you agree to YouTube&#039;s privacy policy.<br><a href=\"https:\/\/policies.google.com\/privacy?hl=en&gl=en\" target=\"_blank\" rel=\"nofollow noopener noreferrer\">More information<\/a><\/p> <p><a class=\"_brlbs-btn _brlbs-icon-play-white\" href=\"#\" data-borlabs-cookie-unblock role=\"button\">Upload video<\/a><\/p> <p><label><input type=\"checkbox\" name=\"unblockAll\" value=\"1\" checked> <small>Always unblock YouTube<\/small><\/label><\/p> <\/div> <\/div> <\/div><div class=\"borlabs-hide\" data-borlabs-cookie-type=\"content-blocker\" data-borlabs-cookie-id=\"youtube\"><script type=\"text\/template\">PGRpdiBjbGFzcz0iX2JybGJzLWZsdWlkLXdpZHRoLXZpZGVvLXdyYXBwZXIiPjxpZnJhbWUgdGl0bGU9IsKrQWx0YXIgZGUgbG9zIGFuaGVsb3PCuyAvJnF1b3Q7QWx0YXIgb2YgTG9uZ2luZ3MmcXVvdDsiIHdpZHRoPSI4MDAiIGhlaWdodD0iNDUwIiBzcmM9Imh0dHBzOi8vd3d3LnlvdXR1YmUtbm9jb29raWUuY29tL2VtYmVkL2VlZEVFbGJxbXhJP2ZlYXR1cmU9b2VtYmVkJnJlbD0wJmVuYWJsZWpzYXBpPTEmb3JpZ2luPWh0dHBzJTI1M0ElMjUyRiUyNTJGd3d3LnRvbm92ZWxhc2NvLmVzJmNvbnRyb2xzPTEiIGZyYW1lYm9yZGVyPSIwIiBhbGxvdz0iYWNjZWxlcm9tZXRlcjsgYXV0b3BsYXk7IGNsaXBib2FyZC13cml0ZTsgZW5jcnlwdGVkLW1lZGlhOyBneXJvc2NvcGU7IHBpY3R1cmUtaW4tcGljdHVyZTsgd2ViLXNoYXJlIiByZWZlcnJlcnBvbGljeT0ic3RyaWN0LW9yaWdpbi13aGVuLWNyb3NzLW9yaWdpbiIgYWxsb3dmdWxsc2NyZWVuPjwvaWZyYW1lPjwvZGl2Pg==<\/script><\/div><\/div><\/div>\t\t<\/div>\n\t\t\t\t\t\t<\/div>\n\t\t\t\t<\/div>\n\t\t\t\t\t<\/div>\n\t\t<\/div>\n\t\t\t\t\t<\/div>\n\t\t<\/section>\n\t\t\t\t<section class=\"elementor-section elementor-top-section elementor-element elementor-element-b9dd8a4 elementor-section-boxed elementor-section-height-default elementor-section-height-default\" data-id=\"b9dd8a4\" data-element_type=\"section\">\n\t\t\t\t\t\t<div class=\"elementor-container elementor-column-gap-default\">\n\t\t\t\t\t<div class=\"elementor-column elementor-col-100 elementor-top-column elementor-element elementor-element-c6d200f\" data-id=\"c6d200f\" data-element_type=\"column\">\n\t\t\t<div class=\"elementor-widget-wrap elementor-element-populated\">\n\t\t\t\t\t\t<div class=\"elementor-element elementor-element-9454d49 elementor-widget elementor-widget-text-editor\" data-id=\"9454d49\" data-element_type=\"widget\" data-widget_type=\"text-editor.default\">\n\t\t\t\t<div class=\"elementor-widget-container\">\n\t\t\t\t\t\t\t\t\t<p>El altar de los anhelos es una instalaci\u00f3n participativa concebida por el artista To\u00f1o Velasco que visibiliza, a trav\u00e9s del arte, los sue\u00f1os y deseos de personas migrantes en Espa\u00f1a. Inspirado en los exvotos mexicanos, transforma la tradici\u00f3n del agradecimiento en un espacio de petici\u00f3n y esperanza, generando un altar colectivo y vivo que crece con cada aportaci\u00f3n.<br \/>La propuesta dialoga de manera directa con la obra de Douglas Massey, Premio Princesa de Asturias de Ciencias Sociales 2025, reconocido por sus investigaciones pioneras sobre migraci\u00f3n internacional, segregaci\u00f3n residencial y estratificaci\u00f3n social. Al igual que Massey, este proyecto busca dar voz a las din\u00e1micas invisibles que atraviesan la experiencia migrante, trasladando al lenguaje art\u00edstico lo que la investigaci\u00f3n acad\u00e9mica ha demostrado: que los anhelos, las esperanzas y los sue\u00f1os son una fuerza fundamental en los procesos de movilidad y arraigo.<br \/>De este modo, el proyecto se convierte en un puente entre la reflexi\u00f3n acad\u00e9mica y la acci\u00f3n art\u00edstica y social, generando un espacio de encuentro donde se reconocen y celebran las diversidades que componen nuestra sociedad.<br \/>El proyecto se inspira en la tradici\u00f3n de los exvotos mexicanos \u2014peque\u00f1os retablos pintados sobre hojalata en los que se agradec\u00eda un favor recibido\u2014 y la reinterpreta en clave contempor\u00e1nea. Aqu\u00ed no se agradece, sino que se pide: los participantes expresan sus anhelos y sue\u00f1os pendientes, que se transforman en im\u00e1genes y palabras.<br \/>El resultado es un altar colectivo, un espacio vivo y abierto que crece con las aportaciones de los visitantes y genera un lugar com\u00fan de memoria, di\u00e1logo y esperanza.<\/p>\t\t\t\t\t\t\t\t<\/div>\n\t\t\t\t<\/div>\n\t\t\t\t\t<\/div>\n\t\t<\/div>\n\t\t\t\t\t<\/div>\n\t\t<\/section>\n\t\t\t\t<section class=\"elementor-section elementor-top-section elementor-element elementor-element-f176c4b elementor-section-boxed elementor-section-height-default elementor-section-height-default\" data-id=\"f176c4b\" data-element_type=\"section\">\n\t\t\t\t\t\t<div class=\"elementor-container elementor-column-gap-default\">\n\t\t\t\t\t<div class=\"elementor-column elementor-col-50 elementor-top-column elementor-element elementor-element-6fd1991\" data-id=\"6fd1991\" data-element_type=\"column\">\n\t\t\t<div class=\"elementor-widget-wrap elementor-element-populated\">\n\t\t\t\t\t\t<div class=\"elementor-element elementor-element-1ff066b elementor-widget elementor-widget-image\" data-id=\"1ff066b\" data-element_type=\"widget\" data-widget_type=\"image.default\">\n\t\t\t\t<div class=\"elementor-widget-container\">\n\t\t\t\t\t\t\t\t\t\t\t\t\t\t\t<img decoding=\"async\" width=\"768\" height=\"1024\" src=\"https:\/\/www.tonovelasco.es\/wp-content\/uploads\/2025\/12\/IMG-20251004-112004-768x1024.jpg\" class=\"attachment-large size-large wp-image-3525\" alt=\"IMG 20251004 112004\" srcset=\"https:\/\/www.tonovelasco.es\/wp-content\/uploads\/2025\/12\/IMG-20251004-112004-768x1024.jpg 768w, https:\/\/www.tonovelasco.es\/wp-content\/uploads\/2025\/12\/IMG-20251004-112004-225x300.jpg 225w, https:\/\/www.tonovelasco.es\/wp-content\/uploads\/2025\/12\/IMG-20251004-112004-9x12.jpg 9w, https:\/\/www.tonovelasco.es\/wp-content\/uploads\/2025\/12\/IMG-20251004-112004.jpg 879w\" sizes=\"(max-width: 768px) 100vw, 768px\" \/>\t\t\t\t\t\t\t\t\t\t\t\t\t\t\t<\/div>\n\t\t\t\t<\/div>\n\t\t\t\t\t<\/div>\n\t\t<\/div>\n\t\t\t\t<div class=\"elementor-column elementor-col-50 elementor-top-column elementor-element elementor-element-aae67cd\" data-id=\"aae67cd\" data-element_type=\"column\">\n\t\t\t<div class=\"elementor-widget-wrap elementor-element-populated\">\n\t\t\t\t\t\t<div class=\"elementor-element elementor-element-91b3388 elementor-widget elementor-widget-image\" data-id=\"91b3388\" data-element_type=\"widget\" data-widget_type=\"image.default\">\n\t\t\t\t<div class=\"elementor-widget-container\">\n\t\t\t\t\t\t\t\t\t\t\t\t\t\t\t<img decoding=\"async\" width=\"800\" height=\"600\" src=\"https:\/\/www.tonovelasco.es\/wp-content\/uploads\/2025\/12\/IMG-20251004-112103-1024x768.jpg\" class=\"attachment-large size-large wp-image-3526\" alt=\"IMG 20251004 112103\" srcset=\"https:\/\/www.tonovelasco.es\/wp-content\/uploads\/2025\/12\/IMG-20251004-112103-1024x768.jpg 1024w, https:\/\/www.tonovelasco.es\/wp-content\/uploads\/2025\/12\/IMG-20251004-112103-300x225.jpg 300w, https:\/\/www.tonovelasco.es\/wp-content\/uploads\/2025\/12\/IMG-20251004-112103-768x576.jpg 768w, https:\/\/www.tonovelasco.es\/wp-content\/uploads\/2025\/12\/IMG-20251004-112103-16x12.jpg 16w, https:\/\/www.tonovelasco.es\/wp-content\/uploads\/2025\/12\/IMG-20251004-112103.jpg 1172w\" sizes=\"(max-width: 800px) 100vw, 800px\" \/>\t\t\t\t\t\t\t\t\t\t\t\t\t\t\t<\/div>\n\t\t\t\t<\/div>\n\t\t\t\t<div class=\"elementor-element elementor-element-0a78cc6 elementor-widget elementor-widget-image\" data-id=\"0a78cc6\" data-element_type=\"widget\" data-widget_type=\"image.default\">\n\t\t\t\t<div class=\"elementor-widget-container\">\n\t\t\t\t\t\t\t\t\t\t\t\t\t\t\t<img loading=\"lazy\" decoding=\"async\" width=\"800\" height=\"600\" src=\"https:\/\/www.tonovelasco.es\/wp-content\/uploads\/2025\/12\/IMG-20251019-102838-1024x768.jpg\" class=\"attachment-large size-large wp-image-3530\" alt=\"IMG 20251019 102838\" srcset=\"https:\/\/www.tonovelasco.es\/wp-content\/uploads\/2025\/12\/IMG-20251019-102838-1024x768.jpg 1024w, https:\/\/www.tonovelasco.es\/wp-content\/uploads\/2025\/12\/IMG-20251019-102838-300x225.jpg 300w, https:\/\/www.tonovelasco.es\/wp-content\/uploads\/2025\/12\/IMG-20251019-102838-768x576.jpg 768w, https:\/\/www.tonovelasco.es\/wp-content\/uploads\/2025\/12\/IMG-20251019-102838-16x12.jpg 16w, https:\/\/www.tonovelasco.es\/wp-content\/uploads\/2025\/12\/IMG-20251019-102838.jpg 1172w\" sizes=\"(max-width: 800px) 100vw, 800px\" \/>\t\t\t\t\t\t\t\t\t\t\t\t\t\t\t<\/div>\n\t\t\t\t<\/div>\n\t\t\t\t\t<\/div>\n\t\t<\/div>\n\t\t\t\t\t<\/div>\n\t\t<\/section>\n\t\t\t\t<section class=\"elementor-section elementor-top-section elementor-element elementor-element-50f7a77 elementor-section-boxed elementor-section-height-default elementor-section-height-default\" data-id=\"50f7a77\" data-element_type=\"section\">\n\t\t\t\t\t\t<div class=\"elementor-container elementor-column-gap-default\">\n\t\t\t\t\t<div class=\"elementor-column elementor-col-25 elementor-top-column elementor-element elementor-element-d9bb240\" data-id=\"d9bb240\" data-element_type=\"column\">\n\t\t\t<div class=\"elementor-widget-wrap elementor-element-populated\">\n\t\t\t\t\t\t<div class=\"elementor-element elementor-element-b03b1d2 elementor-widget elementor-widget-image\" data-id=\"b03b1d2\" data-element_type=\"widget\" data-widget_type=\"image.default\">\n\t\t\t\t<div class=\"elementor-widget-container\">\n\t\t\t\t\t\t\t\t\t\t\t\t\t\t\t<img loading=\"lazy\" decoding=\"async\" width=\"495\" height=\"879\" src=\"https:\/\/www.tonovelasco.es\/wp-content\/uploads\/2025\/12\/IMG-20251023-WA0013.jpg\" class=\"attachment-large size-large wp-image-3540\" alt=\"IMG 20251023 WA0013\" srcset=\"https:\/\/www.tonovelasco.es\/wp-content\/uploads\/2025\/12\/IMG-20251023-WA0013.jpg 495w, https:\/\/www.tonovelasco.es\/wp-content\/uploads\/2025\/12\/IMG-20251023-WA0013-169x300.jpg 169w, https:\/\/www.tonovelasco.es\/wp-content\/uploads\/2025\/12\/IMG-20251023-WA0013-7x12.jpg 7w\" sizes=\"(max-width: 495px) 100vw, 495px\" \/>\t\t\t\t\t\t\t\t\t\t\t\t\t\t\t<\/div>\n\t\t\t\t<\/div>\n\t\t\t\t\t<\/div>\n\t\t<\/div>\n\t\t\t\t<div class=\"elementor-column elementor-col-25 elementor-top-column elementor-element elementor-element-c4299f0\" data-id=\"c4299f0\" data-element_type=\"column\">\n\t\t\t<div class=\"elementor-widget-wrap elementor-element-populated\">\n\t\t\t\t\t\t<div class=\"elementor-element elementor-element-6f09d5b elementor-widget elementor-widget-image\" data-id=\"6f09d5b\" data-element_type=\"widget\" data-widget_type=\"image.default\">\n\t\t\t\t<div class=\"elementor-widget-container\">\n\t\t\t\t\t\t\t\t\t\t\t\t\t\t\t<img loading=\"lazy\" decoding=\"async\" width=\"495\" height=\"879\" src=\"https:\/\/www.tonovelasco.es\/wp-content\/uploads\/2025\/12\/IMG-20251023-WA0015.jpg\" class=\"attachment-large size-large wp-image-3541\" alt=\"IMG 20251023 WA0015\" srcset=\"https:\/\/www.tonovelasco.es\/wp-content\/uploads\/2025\/12\/IMG-20251023-WA0015.jpg 495w, https:\/\/www.tonovelasco.es\/wp-content\/uploads\/2025\/12\/IMG-20251023-WA0015-169x300.jpg 169w, https:\/\/www.tonovelasco.es\/wp-content\/uploads\/2025\/12\/IMG-20251023-WA0015-7x12.jpg 7w\" sizes=\"(max-width: 495px) 100vw, 495px\" \/>\t\t\t\t\t\t\t\t\t\t\t\t\t\t\t<\/div>\n\t\t\t\t<\/div>\n\t\t\t\t\t<\/div>\n\t\t<\/div>\n\t\t\t\t<div class=\"elementor-column elementor-col-25 elementor-top-column elementor-element elementor-element-b8d8251\" data-id=\"b8d8251\" data-element_type=\"column\">\n\t\t\t<div class=\"elementor-widget-wrap elementor-element-populated\">\n\t\t\t\t\t\t<div class=\"elementor-element elementor-element-42fc160 elementor-widget elementor-widget-image\" data-id=\"42fc160\" data-element_type=\"widget\" data-widget_type=\"image.default\">\n\t\t\t\t<div class=\"elementor-widget-container\">\n\t\t\t\t\t\t\t\t\t\t\t\t\t\t\t<img loading=\"lazy\" decoding=\"async\" width=\"800\" height=\"450\" src=\"https:\/\/www.tonovelasco.es\/wp-content\/uploads\/2025\/12\/IMG-20251023-WA0023-1024x576.jpg\" class=\"attachment-large size-large wp-image-3518\" alt=\"IMG 20251023 WA0023\" srcset=\"https:\/\/www.tonovelasco.es\/wp-content\/uploads\/2025\/12\/IMG-20251023-WA0023-1024x576.jpg 1024w, https:\/\/www.tonovelasco.es\/wp-content\/uploads\/2025\/12\/IMG-20251023-WA0023-300x169.jpg 300w, https:\/\/www.tonovelasco.es\/wp-content\/uploads\/2025\/12\/IMG-20251023-WA0023-768x432.jpg 768w, https:\/\/www.tonovelasco.es\/wp-content\/uploads\/2025\/12\/IMG-20251023-WA0023-1536x864.jpg 1536w, https:\/\/www.tonovelasco.es\/wp-content\/uploads\/2025\/12\/IMG-20251023-WA0023-18x10.jpg 18w, https:\/\/www.tonovelasco.es\/wp-content\/uploads\/2025\/12\/IMG-20251023-WA0023.jpg 1562w\" sizes=\"(max-width: 800px) 100vw, 800px\" \/>\t\t\t\t\t\t\t\t\t\t\t\t\t\t\t<\/div>\n\t\t\t\t<\/div>\n\t\t\t\t<div class=\"elementor-element elementor-element-04d39d2 elementor-widget elementor-widget-image\" data-id=\"04d39d2\" data-element_type=\"widget\" data-widget_type=\"image.default\">\n\t\t\t\t<div class=\"elementor-widget-container\">\n\t\t\t\t\t\t\t\t\t\t\t\t\t\t\t<img loading=\"lazy\" decoding=\"async\" width=\"800\" height=\"600\" src=\"https:\/\/www.tonovelasco.es\/wp-content\/uploads\/2025\/12\/IMG-20251003-131256-1024x768.jpg\" class=\"attachment-large size-large wp-image-3523\" alt=\"IMG 20251003 131256\" srcset=\"https:\/\/www.tonovelasco.es\/wp-content\/uploads\/2025\/12\/IMG-20251003-131256-1024x768.jpg 1024w, https:\/\/www.tonovelasco.es\/wp-content\/uploads\/2025\/12\/IMG-20251003-131256-300x225.jpg 300w, https:\/\/www.tonovelasco.es\/wp-content\/uploads\/2025\/12\/IMG-20251003-131256-768x576.jpg 768w, https:\/\/www.tonovelasco.es\/wp-content\/uploads\/2025\/12\/IMG-20251003-131256-16x12.jpg 16w, https:\/\/www.tonovelasco.es\/wp-content\/uploads\/2025\/12\/IMG-20251003-131256.jpg 1172w\" sizes=\"(max-width: 800px) 100vw, 800px\" \/>\t\t\t\t\t\t\t\t\t\t\t\t\t\t\t<\/div>\n\t\t\t\t<\/div>\n\t\t\t\t\t<\/div>\n\t\t<\/div>\n\t\t\t\t<div class=\"elementor-column elementor-col-25 elementor-top-column elementor-element elementor-element-36fe4af\" data-id=\"36fe4af\" data-element_type=\"column\">\n\t\t\t<div class=\"elementor-widget-wrap elementor-element-populated\">\n\t\t\t\t\t\t<div class=\"elementor-element elementor-element-bb773f5 elementor-widget elementor-widget-image\" data-id=\"bb773f5\" data-element_type=\"widget\" data-widget_type=\"image.default\">\n\t\t\t\t<div class=\"elementor-widget-container\">\n\t\t\t\t\t\t\t\t\t\t\t\t\t\t\t<img loading=\"lazy\" decoding=\"async\" width=\"800\" height=\"600\" src=\"https:\/\/www.tonovelasco.es\/wp-content\/uploads\/2025\/12\/IMG-20251016-132840-1024x768.jpg\" class=\"attachment-large size-large wp-image-3527\" alt=\"IMG 20251016 132840\" srcset=\"https:\/\/www.tonovelasco.es\/wp-content\/uploads\/2025\/12\/IMG-20251016-132840-1024x768.jpg 1024w, https:\/\/www.tonovelasco.es\/wp-content\/uploads\/2025\/12\/IMG-20251016-132840-300x225.jpg 300w, https:\/\/www.tonovelasco.es\/wp-content\/uploads\/2025\/12\/IMG-20251016-132840-768x576.jpg 768w, https:\/\/www.tonovelasco.es\/wp-content\/uploads\/2025\/12\/IMG-20251016-132840-16x12.jpg 16w, https:\/\/www.tonovelasco.es\/wp-content\/uploads\/2025\/12\/IMG-20251016-132840.jpg 1172w\" sizes=\"(max-width: 800px) 100vw, 800px\" \/>\t\t\t\t\t\t\t\t\t\t\t\t\t\t\t<\/div>\n\t\t\t\t<\/div>\n\t\t\t\t\t<\/div>\n\t\t<\/div>\n\t\t\t\t\t<\/div>\n\t\t<\/section>\n\t\t\t\t<\/div>","protected":false},"excerpt":{"rendered":"<p>El altar de los anhelos Instalaci\u00f3n participativa y taller con comunidades migrantes https:\/\/www.youtube.com\/watch?v=eedEElbqmxI El altar de los anhelos es una instalaci\u00f3n participativa concebida por el artista To\u00f1o Velasco que visibiliza, a trav\u00e9s del arte, los sue\u00f1os y deseos de personas migrantes en Espa\u00f1a. Inspirado en los exvotos mexicanos, transforma la tradici\u00f3n del agradecimiento en un [&hellip;]<\/p>","protected":false},"author":6,"featured_media":0,"parent":0,"menu_order":3,"comment_status":"closed","ping_status":"closed","template":"","meta":{"_joinchat":[],"footnotes":""},"class_list":["post-3517","page","type-page","status-publish","hentry"],"_links":{"self":[{"href":"https:\/\/www.tonovelasco.es\/en\/wp-json\/wp\/v2\/pages\/3517","targetHints":{"allow":["GET"]}}],"collection":[{"href":"https:\/\/www.tonovelasco.es\/en\/wp-json\/wp\/v2\/pages"}],"about":[{"href":"https:\/\/www.tonovelasco.es\/en\/wp-json\/wp\/v2\/types\/page"}],"author":[{"embeddable":true,"href":"https:\/\/www.tonovelasco.es\/en\/wp-json\/wp\/v2\/users\/6"}],"replies":[{"embeddable":true,"href":"https:\/\/www.tonovelasco.es\/en\/wp-json\/wp\/v2\/comments?post=3517"}],"version-history":[{"count":15,"href":"https:\/\/www.tonovelasco.es\/en\/wp-json\/wp\/v2\/pages\/3517\/revisions"}],"predecessor-version":[{"id":3559,"href":"https:\/\/www.tonovelasco.es\/en\/wp-json\/wp\/v2\/pages\/3517\/revisions\/3559"}],"wp:attachment":[{"href":"https:\/\/www.tonovelasco.es\/en\/wp-json\/wp\/v2\/media?parent=3517"}],"curies":[{"name":"wp","href":"https:\/\/api.w.org\/{rel}","templated":true}]}}