{"id":3560,"date":"2025-12-03T16:40:21","date_gmt":"2025-12-03T15:40:21","guid":{"rendered":"https:\/\/www.tonovelasco.es\/?page_id=3560"},"modified":"2025-12-03T17:00:31","modified_gmt":"2025-12-03T16:00:31","slug":"cafe-ole-la-indiferencia","status":"publish","type":"page","link":"https:\/\/www.tonovelasco.es\/en\/cafe-ole-la-indiferencia\/","title":{"rendered":"Caf\u00e9 ol\u00e9 La indiferencia"},"content":{"rendered":"<div data-elementor-type=\"wp-page\" data-elementor-id=\"3560\" class=\"elementor elementor-3560\" data-elementor-post-type=\"page\">\n\t\t\t\t\t\t<section class=\"elementor-section elementor-top-section elementor-element elementor-element-0e52200 elementor-section-boxed elementor-section-height-default elementor-section-height-default\" data-id=\"0e52200\" data-element_type=\"section\">\n\t\t\t\t\t\t<div class=\"elementor-container elementor-column-gap-default\">\n\t\t\t\t\t<div class=\"elementor-column elementor-col-50 elementor-top-column elementor-element elementor-element-ba87916\" data-id=\"ba87916\" data-element_type=\"column\">\n\t\t\t<div class=\"elementor-widget-wrap elementor-element-populated\">\n\t\t\t\t\t\t<div class=\"elementor-element elementor-element-7da7a6b elementor-widget elementor-widget-video\" data-id=\"7da7a6b\" data-element_type=\"widget\" data-widget_type=\"video.default\">\n\t\t\t\t<div class=\"elementor-widget-container\">\n\t\t\t\t\t\t\t<div class=\"elementor-wrapper elementor-open-inline\">\n\t\t\t<div class=\"elementor-video\"><div class=\"BorlabsCookie _brlbs-cb-youtube\"><div class=\"_brlbs-content-blocker\"> <div class=\"_brlbs-embed _brlbs-video-youtube\"> <img decoding=\"async\" class=\"_brlbs-thumbnail\" src=\"https:\/\/www.tonovelasco.es\/wp-content\/plugins\/borlabs-cookie\/assets\/images\/cb-no-thumbnail.png\" alt=\"Youtube\"> <div class=\"_brlbs-caption\"> <p>By uploading the video, you agree to YouTube&#039;s privacy policy.<br><a href=\"https:\/\/policies.google.com\/privacy?hl=en&gl=en\" target=\"_blank\" rel=\"nofollow noopener noreferrer\">More information<\/a><\/p> <p><a class=\"_brlbs-btn _brlbs-icon-play-white\" href=\"#\" data-borlabs-cookie-unblock role=\"button\">Upload video<\/a><\/p> <p><label><input type=\"checkbox\" name=\"unblockAll\" value=\"1\" checked> <small>Always unblock YouTube<\/small><\/label><\/p> <\/div> <\/div> <\/div><div class=\"borlabs-hide\" data-borlabs-cookie-type=\"content-blocker\" data-borlabs-cookie-id=\"youtube\"><script type=\"text\/template\">PGRpdiBjbGFzcz0iX2JybGJzLWZsdWlkLXdpZHRoLXZpZGVvLXdyYXBwZXIiPjxpZnJhbWUgdGl0bGU9IlByZXNlbnRhY2nDs24gZGUgbGEgZXhwb3NpY2nDs24gQ0FGRSBPTMOJLCAgTEEgSU5ESUZFUkVOQ0lBIiB3aWR0aD0iODAwIiBoZWlnaHQ9IjQ1MCIgc3JjPSJodHRwczovL3d3dy55b3V0dWJlLW5vY29va2llLmNvbS9lbWJlZC9zaVVyd3JmanloOD9zdGFydD0xNCZmZWF0dXJlPW9lbWJlZCZyZWw9MCZlbmFibGVqc2FwaT0xJm9yaWdpbj1odHRwcyUyNTNBJTI1MkYlMjUyRnd3dy50b25vdmVsYXNjby5lcyZjb250cm9scz0xIiBmcmFtZWJvcmRlcj0iMCIgYWxsb3c9ImFjY2VsZXJvbWV0ZXI7IGF1dG9wbGF5OyBjbGlwYm9hcmQtd3JpdGU7IGVuY3J5cHRlZC1tZWRpYTsgZ3lyb3Njb3BlOyBwaWN0dXJlLWluLXBpY3R1cmU7IHdlYi1zaGFyZSIgcmVmZXJyZXJwb2xpY3k9InN0cmljdC1vcmlnaW4td2hlbi1jcm9zcy1vcmlnaW4iIGFsbG93ZnVsbHNjcmVlbj48L2lmcmFtZT48L2Rpdj4=<\/script><\/div><\/div><\/div>\t\t<\/div>\n\t\t\t\t\t\t<\/div>\n\t\t\t\t<\/div>\n\t\t\t\t\t<\/div>\n\t\t<\/div>\n\t\t\t\t<div class=\"elementor-column elementor-col-50 elementor-top-column elementor-element elementor-element-878bb5b\" data-id=\"878bb5b\" data-element_type=\"column\">\n\t\t\t<div class=\"elementor-widget-wrap elementor-element-populated\">\n\t\t\t\t\t\t<div class=\"elementor-element elementor-element-40e4d0c elementor-widget elementor-widget-image\" data-id=\"40e4d0c\" data-element_type=\"widget\" data-widget_type=\"image.default\">\n\t\t\t\t<div class=\"elementor-widget-container\">\n\t\t\t\t\t\t\t\t\t\t\t\t\t\t\t<img fetchpriority=\"high\" decoding=\"async\" width=\"204\" height=\"300\" src=\"https:\/\/www.tonovelasco.es\/wp-content\/uploads\/2025\/12\/unnamed-2-204x300.jpg\" class=\"attachment-medium size-medium wp-image-3566\" alt=\"unnamed (2)\" srcset=\"https:\/\/www.tonovelasco.es\/wp-content\/uploads\/2025\/12\/unnamed-2-204x300.jpg 204w, https:\/\/www.tonovelasco.es\/wp-content\/uploads\/2025\/12\/unnamed-2-698x1024.jpg 698w, https:\/\/www.tonovelasco.es\/wp-content\/uploads\/2025\/12\/unnamed-2-768x1127.jpg 768w, https:\/\/www.tonovelasco.es\/wp-content\/uploads\/2025\/12\/unnamed-2-1046x1536.jpg 1046w, https:\/\/www.tonovelasco.es\/wp-content\/uploads\/2025\/12\/unnamed-2-1395x2048.jpg 1395w, https:\/\/www.tonovelasco.es\/wp-content\/uploads\/2025\/12\/unnamed-2-8x12.jpg 8w, https:\/\/www.tonovelasco.es\/wp-content\/uploads\/2025\/12\/unnamed-2-scaled-e1764776963982.jpg 700w\" sizes=\"(max-width: 204px) 100vw, 204px\" \/>\t\t\t\t\t\t\t\t\t\t\t\t\t\t\t<\/div>\n\t\t\t\t<\/div>\n\t\t\t\t\t<\/div>\n\t\t<\/div>\n\t\t\t\t\t<\/div>\n\t\t<\/section>\n\t\t\t\t<section class=\"elementor-section elementor-top-section elementor-element elementor-element-082d311 elementor-section-boxed elementor-section-height-default elementor-section-height-default\" data-id=\"082d311\" data-element_type=\"section\">\n\t\t\t\t\t\t<div class=\"elementor-container elementor-column-gap-default\">\n\t\t\t\t\t<div class=\"elementor-column elementor-col-100 elementor-top-column elementor-element elementor-element-da8e3a1\" data-id=\"da8e3a1\" data-element_type=\"column\">\n\t\t\t<div class=\"elementor-widget-wrap\">\n\t\t\t\t\t\t\t<\/div>\n\t\t<\/div>\n\t\t\t\t\t<\/div>\n\t\t<\/section>\n\t\t\t\t<section class=\"elementor-section elementor-top-section elementor-element elementor-element-9280953 elementor-section-boxed elementor-section-height-default elementor-section-height-default\" data-id=\"9280953\" data-element_type=\"section\">\n\t\t\t\t\t\t<div class=\"elementor-container elementor-column-gap-default\">\n\t\t\t\t\t<div class=\"elementor-column elementor-col-100 elementor-top-column elementor-element elementor-element-1dd613b\" data-id=\"1dd613b\" data-element_type=\"column\">\n\t\t\t<div class=\"elementor-widget-wrap elementor-element-populated\">\n\t\t\t\t\t\t<div class=\"elementor-element elementor-element-d9e4c8b elementor-widget elementor-widget-image\" data-id=\"d9e4c8b\" data-element_type=\"widget\" data-widget_type=\"image.default\">\n\t\t\t\t<div class=\"elementor-widget-container\">\n\t\t\t\t\t\t\t\t\t\t\t\t\t\t\t<img decoding=\"async\" width=\"800\" height=\"456\" src=\"https:\/\/www.tonovelasco.es\/wp-content\/uploads\/2025\/12\/69A7042-1024x584.jpg\" class=\"attachment-large size-large wp-image-3573\" alt=\"69A7042\" srcset=\"https:\/\/www.tonovelasco.es\/wp-content\/uploads\/2025\/12\/69A7042-1024x584.jpg 1024w, https:\/\/www.tonovelasco.es\/wp-content\/uploads\/2025\/12\/69A7042-300x171.jpg 300w, https:\/\/www.tonovelasco.es\/wp-content\/uploads\/2025\/12\/69A7042-768x438.jpg 768w, https:\/\/www.tonovelasco.es\/wp-content\/uploads\/2025\/12\/69A7042-1536x876.jpg 1536w, https:\/\/www.tonovelasco.es\/wp-content\/uploads\/2025\/12\/69A7042-2048x1168.jpg 2048w, https:\/\/www.tonovelasco.es\/wp-content\/uploads\/2025\/12\/69A7042-18x10.jpg 18w\" sizes=\"(max-width: 800px) 100vw, 800px\" \/>\t\t\t\t\t\t\t\t\t\t\t\t\t\t\t<\/div>\n\t\t\t\t<\/div>\n\t\t\t\t<div class=\"elementor-element elementor-element-79f6b71 elementor-widget elementor-widget-image\" data-id=\"79f6b71\" data-element_type=\"widget\" data-widget_type=\"image.default\">\n\t\t\t\t<div class=\"elementor-widget-container\">\n\t\t\t\t\t\t\t\t\t\t\t\t\t\t\t<img decoding=\"async\" width=\"800\" height=\"403\" src=\"https:\/\/www.tonovelasco.es\/wp-content\/uploads\/2025\/12\/69A7083-1-1024x516.jpg\" class=\"attachment-large size-large wp-image-3582\" alt=\"69A7083 1\" srcset=\"https:\/\/www.tonovelasco.es\/wp-content\/uploads\/2025\/12\/69A7083-1-1024x516.jpg 1024w, https:\/\/www.tonovelasco.es\/wp-content\/uploads\/2025\/12\/69A7083-1-300x151.jpg 300w, https:\/\/www.tonovelasco.es\/wp-content\/uploads\/2025\/12\/69A7083-1-768x387.jpg 768w, https:\/\/www.tonovelasco.es\/wp-content\/uploads\/2025\/12\/69A7083-1-1536x774.jpg 1536w, https:\/\/www.tonovelasco.es\/wp-content\/uploads\/2025\/12\/69A7083-1-2048x1032.jpg 2048w, https:\/\/www.tonovelasco.es\/wp-content\/uploads\/2025\/12\/69A7083-1-18x9.jpg 18w\" sizes=\"(max-width: 800px) 100vw, 800px\" \/>\t\t\t\t\t\t\t\t\t\t\t\t\t\t\t<\/div>\n\t\t\t\t<\/div>\n\t\t\t\t\t<\/div>\n\t\t<\/div>\n\t\t\t\t\t<\/div>\n\t\t<\/section>\n\t\t\t\t<section class=\"elementor-section elementor-top-section elementor-element elementor-element-204e57b elementor-section-boxed elementor-section-height-default elementor-section-height-default\" data-id=\"204e57b\" data-element_type=\"section\">\n\t\t\t\t\t\t<div class=\"elementor-container elementor-column-gap-default\">\n\t\t\t\t\t<div class=\"elementor-column elementor-col-25 elementor-top-column elementor-element elementor-element-1761d3e\" data-id=\"1761d3e\" data-element_type=\"column\">\n\t\t\t<div class=\"elementor-widget-wrap\">\n\t\t\t\t\t\t\t<\/div>\n\t\t<\/div>\n\t\t\t\t<div class=\"elementor-column elementor-col-50 elementor-top-column elementor-element elementor-element-704cecb\" data-id=\"704cecb\" data-element_type=\"column\">\n\t\t\t<div class=\"elementor-widget-wrap\">\n\t\t\t\t\t\t\t<\/div>\n\t\t<\/div>\n\t\t\t\t<div class=\"elementor-column elementor-col-25 elementor-top-column elementor-element elementor-element-54bc9cc\" data-id=\"54bc9cc\" data-element_type=\"column\">\n\t\t\t<div class=\"elementor-widget-wrap\">\n\t\t\t\t\t\t\t<\/div>\n\t\t<\/div>\n\t\t\t\t\t<\/div>\n\t\t<\/section>\n\t\t\t\t<section class=\"elementor-section elementor-top-section elementor-element elementor-element-310e48c elementor-section-boxed elementor-section-height-default elementor-section-height-default\" data-id=\"310e48c\" data-element_type=\"section\">\n\t\t\t\t\t\t<div class=\"elementor-container elementor-column-gap-default\">\n\t\t\t\t\t<div class=\"elementor-column elementor-col-33 elementor-top-column elementor-element elementor-element-da586a9\" data-id=\"da586a9\" data-element_type=\"column\">\n\t\t\t<div class=\"elementor-widget-wrap elementor-element-populated\">\n\t\t\t\t\t\t<div class=\"elementor-element elementor-element-1e60c7c elementor-widget elementor-widget-image\" data-id=\"1e60c7c\" data-element_type=\"widget\" data-widget_type=\"image.default\">\n\t\t\t\t<div class=\"elementor-widget-container\">\n\t\t\t\t\t\t\t\t\t\t\t\t\t\t\t<img loading=\"lazy\" decoding=\"async\" width=\"800\" height=\"933\" src=\"https:\/\/www.tonovelasco.es\/wp-content\/uploads\/2025\/12\/69A7049-copia-878x1024.jpg\" class=\"attachment-large size-large wp-image-3577\" alt=\"69A7049 copia\" srcset=\"https:\/\/www.tonovelasco.es\/wp-content\/uploads\/2025\/12\/69A7049-copia-878x1024.jpg 878w, https:\/\/www.tonovelasco.es\/wp-content\/uploads\/2025\/12\/69A7049-copia-257x300.jpg 257w, https:\/\/www.tonovelasco.es\/wp-content\/uploads\/2025\/12\/69A7049-copia-768x896.jpg 768w, https:\/\/www.tonovelasco.es\/wp-content\/uploads\/2025\/12\/69A7049-copia-1316x1536.jpg 1316w, https:\/\/www.tonovelasco.es\/wp-content\/uploads\/2025\/12\/69A7049-copia-1755x2048.jpg 1755w, https:\/\/www.tonovelasco.es\/wp-content\/uploads\/2025\/12\/69A7049-copia-10x12.jpg 10w, https:\/\/www.tonovelasco.es\/wp-content\/uploads\/2025\/12\/69A7049-copia-scaled.jpg 1920w\" sizes=\"(max-width: 800px) 100vw, 800px\" \/>\t\t\t\t\t\t\t\t\t\t\t\t\t\t\t<\/div>\n\t\t\t\t<\/div>\n\t\t\t\t<div class=\"elementor-element elementor-element-f924fde elementor-widget elementor-widget-image\" data-id=\"f924fde\" data-element_type=\"widget\" data-widget_type=\"image.default\">\n\t\t\t\t<div class=\"elementor-widget-container\">\n\t\t\t\t\t\t\t\t\t\t\t\t\t\t\t<img loading=\"lazy\" decoding=\"async\" width=\"800\" height=\"855\" src=\"https:\/\/www.tonovelasco.es\/wp-content\/uploads\/2025\/12\/69A7048-copia-958x1024.jpg\" class=\"attachment-large size-large wp-image-3576\" alt=\"69A7048 copia\" srcset=\"https:\/\/www.tonovelasco.es\/wp-content\/uploads\/2025\/12\/69A7048-copia-958x1024.jpg 958w, https:\/\/www.tonovelasco.es\/wp-content\/uploads\/2025\/12\/69A7048-copia-281x300.jpg 281w, https:\/\/www.tonovelasco.es\/wp-content\/uploads\/2025\/12\/69A7048-copia-768x821.jpg 768w, https:\/\/www.tonovelasco.es\/wp-content\/uploads\/2025\/12\/69A7048-copia-1436x1536.jpg 1436w, https:\/\/www.tonovelasco.es\/wp-content\/uploads\/2025\/12\/69A7048-copia-1915x2048.jpg 1915w, https:\/\/www.tonovelasco.es\/wp-content\/uploads\/2025\/12\/69A7048-copia-11x12.jpg 11w, https:\/\/www.tonovelasco.es\/wp-content\/uploads\/2025\/12\/69A7048-copia-scaled.jpg 1920w\" sizes=\"(max-width: 800px) 100vw, 800px\" \/>\t\t\t\t\t\t\t\t\t\t\t\t\t\t\t<\/div>\n\t\t\t\t<\/div>\n\t\t\t\t\t<\/div>\n\t\t<\/div>\n\t\t\t\t<div class=\"elementor-column elementor-col-33 elementor-top-column elementor-element elementor-element-5d0835e\" data-id=\"5d0835e\" data-element_type=\"column\">\n\t\t\t<div class=\"elementor-widget-wrap elementor-element-populated\">\n\t\t\t\t\t\t<div class=\"elementor-element elementor-element-45c691f elementor-widget elementor-widget-image\" data-id=\"45c691f\" data-element_type=\"widget\" data-widget_type=\"image.default\">\n\t\t\t\t<div class=\"elementor-widget-container\">\n\t\t\t\t\t\t\t\t\t\t\t\t\t\t\t<img loading=\"lazy\" decoding=\"async\" width=\"800\" height=\"445\" src=\"https:\/\/www.tonovelasco.es\/wp-content\/uploads\/2025\/12\/69A7116-1024x569.jpg\" class=\"attachment-large size-large wp-image-3587\" alt=\"69A7116\" srcset=\"https:\/\/www.tonovelasco.es\/wp-content\/uploads\/2025\/12\/69A7116-1024x569.jpg 1024w, https:\/\/www.tonovelasco.es\/wp-content\/uploads\/2025\/12\/69A7116-300x167.jpg 300w, https:\/\/www.tonovelasco.es\/wp-content\/uploads\/2025\/12\/69A7116-768x427.jpg 768w, https:\/\/www.tonovelasco.es\/wp-content\/uploads\/2025\/12\/69A7116-1536x854.jpg 1536w, https:\/\/www.tonovelasco.es\/wp-content\/uploads\/2025\/12\/69A7116-2048x1139.jpg 2048w, https:\/\/www.tonovelasco.es\/wp-content\/uploads\/2025\/12\/69A7116-18x10.jpg 18w\" sizes=\"(max-width: 800px) 100vw, 800px\" \/>\t\t\t\t\t\t\t\t\t\t\t\t\t\t\t<\/div>\n\t\t\t\t<\/div>\n\t\t\t\t<div class=\"elementor-element elementor-element-5d12163 elementor-widget elementor-widget-image\" data-id=\"5d12163\" data-element_type=\"widget\" data-widget_type=\"image.default\">\n\t\t\t\t<div class=\"elementor-widget-container\">\n\t\t\t\t\t\t\t\t\t\t\t\t\t\t\t<img loading=\"lazy\" decoding=\"async\" width=\"800\" height=\"733\" src=\"https:\/\/www.tonovelasco.es\/wp-content\/uploads\/2025\/12\/69A7052-copia-1024x938.jpg\" class=\"attachment-large size-large wp-image-3578\" alt=\"69A7052 copia\" srcset=\"https:\/\/www.tonovelasco.es\/wp-content\/uploads\/2025\/12\/69A7052-copia-1024x938.jpg 1024w, https:\/\/www.tonovelasco.es\/wp-content\/uploads\/2025\/12\/69A7052-copia-300x275.jpg 300w, https:\/\/www.tonovelasco.es\/wp-content\/uploads\/2025\/12\/69A7052-copia-768x703.jpg 768w, https:\/\/www.tonovelasco.es\/wp-content\/uploads\/2025\/12\/69A7052-copia-1536x1407.jpg 1536w, https:\/\/www.tonovelasco.es\/wp-content\/uploads\/2025\/12\/69A7052-copia-scaled.jpg 1920w, https:\/\/www.tonovelasco.es\/wp-content\/uploads\/2025\/12\/69A7052-copia-13x12.jpg 13w\" sizes=\"(max-width: 800px) 100vw, 800px\" \/>\t\t\t\t\t\t\t\t\t\t\t\t\t\t\t<\/div>\n\t\t\t\t<\/div>\n\t\t\t\t<div class=\"elementor-element elementor-element-e1b9eb8 elementor-widget elementor-widget-image\" data-id=\"e1b9eb8\" data-element_type=\"widget\" data-widget_type=\"image.default\">\n\t\t\t\t<div class=\"elementor-widget-container\">\n\t\t\t\t\t\t\t\t\t\t\t\t\t\t\t<img loading=\"lazy\" decoding=\"async\" width=\"800\" height=\"800\" src=\"https:\/\/www.tonovelasco.es\/wp-content\/uploads\/2025\/12\/69A7046-1024x1024.jpg\" class=\"attachment-large size-large wp-image-3575\" alt=\"69A7046\" srcset=\"https:\/\/www.tonovelasco.es\/wp-content\/uploads\/2025\/12\/69A7046-1024x1024.jpg 1024w, https:\/\/www.tonovelasco.es\/wp-content\/uploads\/2025\/12\/69A7046-300x300.jpg 300w, https:\/\/www.tonovelasco.es\/wp-content\/uploads\/2025\/12\/69A7046-150x150.jpg 150w, https:\/\/www.tonovelasco.es\/wp-content\/uploads\/2025\/12\/69A7046-768x768.jpg 768w, https:\/\/www.tonovelasco.es\/wp-content\/uploads\/2025\/12\/69A7046-1536x1536.jpg 1536w, https:\/\/www.tonovelasco.es\/wp-content\/uploads\/2025\/12\/69A7046-scaled.jpg 1920w, https:\/\/www.tonovelasco.es\/wp-content\/uploads\/2025\/12\/69A7046-12x12.jpg 12w\" sizes=\"(max-width: 800px) 100vw, 800px\" \/>\t\t\t\t\t\t\t\t\t\t\t\t\t\t\t<\/div>\n\t\t\t\t<\/div>\n\t\t\t\t\t<\/div>\n\t\t<\/div>\n\t\t\t\t<div class=\"elementor-column elementor-col-33 elementor-top-column elementor-element elementor-element-4cc76cd\" data-id=\"4cc76cd\" data-element_type=\"column\">\n\t\t\t<div class=\"elementor-widget-wrap elementor-element-populated\">\n\t\t\t\t\t\t<div class=\"elementor-element elementor-element-3d9fdd4 elementor-widget elementor-widget-image\" data-id=\"3d9fdd4\" data-element_type=\"widget\" data-widget_type=\"image.default\">\n\t\t\t\t<div class=\"elementor-widget-container\">\n\t\t\t\t\t\t\t\t\t\t\t\t\t\t\t<img loading=\"lazy\" decoding=\"async\" width=\"800\" height=\"541\" src=\"https:\/\/www.tonovelasco.es\/wp-content\/uploads\/2025\/12\/69A7068-1024x692.jpg\" class=\"attachment-large size-large wp-image-3581\" alt=\"69A7068\" srcset=\"https:\/\/www.tonovelasco.es\/wp-content\/uploads\/2025\/12\/69A7068-1024x692.jpg 1024w, https:\/\/www.tonovelasco.es\/wp-content\/uploads\/2025\/12\/69A7068-300x203.jpg 300w, https:\/\/www.tonovelasco.es\/wp-content\/uploads\/2025\/12\/69A7068-768x519.jpg 768w, https:\/\/www.tonovelasco.es\/wp-content\/uploads\/2025\/12\/69A7068-1536x1038.jpg 1536w, https:\/\/www.tonovelasco.es\/wp-content\/uploads\/2025\/12\/69A7068-scaled.jpg 1920w, https:\/\/www.tonovelasco.es\/wp-content\/uploads\/2025\/12\/69A7068-18x12.jpg 18w\" sizes=\"(max-width: 800px) 100vw, 800px\" \/>\t\t\t\t\t\t\t\t\t\t\t\t\t\t\t<\/div>\n\t\t\t\t<\/div>\n\t\t\t\t<div class=\"elementor-element elementor-element-5c2b779 elementor-widget elementor-widget-image\" data-id=\"5c2b779\" data-element_type=\"widget\" data-widget_type=\"image.default\">\n\t\t\t\t<div class=\"elementor-widget-container\">\n\t\t\t\t\t\t\t\t\t\t\t\t\t\t\t<img loading=\"lazy\" decoding=\"async\" width=\"800\" height=\"800\" src=\"https:\/\/www.tonovelasco.es\/wp-content\/uploads\/2025\/12\/69A7107-1024x1024.jpg\" class=\"attachment-large size-large wp-image-3585\" alt=\"69A7107\" srcset=\"https:\/\/www.tonovelasco.es\/wp-content\/uploads\/2025\/12\/69A7107-1024x1024.jpg 1024w, https:\/\/www.tonovelasco.es\/wp-content\/uploads\/2025\/12\/69A7107-300x300.jpg 300w, https:\/\/www.tonovelasco.es\/wp-content\/uploads\/2025\/12\/69A7107-150x150.jpg 150w, https:\/\/www.tonovelasco.es\/wp-content\/uploads\/2025\/12\/69A7107-768x768.jpg 768w, https:\/\/www.tonovelasco.es\/wp-content\/uploads\/2025\/12\/69A7107-1536x1536.jpg 1536w, https:\/\/www.tonovelasco.es\/wp-content\/uploads\/2025\/12\/69A7107-scaled.jpg 1920w, https:\/\/www.tonovelasco.es\/wp-content\/uploads\/2025\/12\/69A7107-12x12.jpg 12w\" sizes=\"(max-width: 800px) 100vw, 800px\" \/>\t\t\t\t\t\t\t\t\t\t\t\t\t\t\t<\/div>\n\t\t\t\t<\/div>\n\t\t\t\t\t<\/div>\n\t\t<\/div>\n\t\t\t\t\t<\/div>\n\t\t<\/section>\n\t\t\t\t<section class=\"elementor-section elementor-top-section elementor-element elementor-element-ae41304 elementor-section-boxed elementor-section-height-default elementor-section-height-default\" data-id=\"ae41304\" data-element_type=\"section\">\n\t\t\t\t\t\t<div class=\"elementor-container elementor-column-gap-default\">\n\t\t\t\t\t<div class=\"elementor-column elementor-col-33 elementor-top-column elementor-element elementor-element-5a7b265\" data-id=\"5a7b265\" data-element_type=\"column\">\n\t\t\t<div class=\"elementor-widget-wrap\">\n\t\t\t\t\t\t\t<\/div>\n\t\t<\/div>\n\t\t\t\t<div class=\"elementor-column elementor-col-33 elementor-top-column elementor-element elementor-element-6f2c294\" data-id=\"6f2c294\" data-element_type=\"column\">\n\t\t\t<div class=\"elementor-widget-wrap\">\n\t\t\t\t\t\t\t<\/div>\n\t\t<\/div>\n\t\t\t\t<div class=\"elementor-column elementor-col-33 elementor-top-column elementor-element elementor-element-f59e2fc\" data-id=\"f59e2fc\" data-element_type=\"column\">\n\t\t\t<div class=\"elementor-widget-wrap\">\n\t\t\t\t\t\t\t<\/div>\n\t\t<\/div>\n\t\t\t\t\t<\/div>\n\t\t<\/section>\n\t\t\t\t<\/div>","protected":false},"excerpt":{"rendered":"<p>Al cargar el v\u00eddeo, acepta la pol\u00edtica de privacidad de YouTube.M\u00e1s informaci\u00f3n Cargar v\u00eddeo Desbloquear YouTube siempre<\/p>","protected":false},"author":6,"featured_media":0,"parent":0,"menu_order":2,"comment_status":"closed","ping_status":"closed","template":"","meta":{"_joinchat":[],"footnotes":""},"class_list":["post-3560","page","type-page","status-publish","hentry"],"_links":{"self":[{"href":"https:\/\/www.tonovelasco.es\/en\/wp-json\/wp\/v2\/pages\/3560","targetHints":{"allow":["GET"]}}],"collection":[{"href":"https:\/\/www.tonovelasco.es\/en\/wp-json\/wp\/v2\/pages"}],"about":[{"href":"https:\/\/www.tonovelasco.es\/en\/wp-json\/wp\/v2\/types\/page"}],"author":[{"embeddable":true,"href":"https:\/\/www.tonovelasco.es\/en\/wp-json\/wp\/v2\/users\/6"}],"replies":[{"embeddable":true,"href":"https:\/\/www.tonovelasco.es\/en\/wp-json\/wp\/v2\/comments?post=3560"}],"version-history":[{"count":19,"href":"https:\/\/www.tonovelasco.es\/en\/wp-json\/wp\/v2\/pages\/3560\/revisions"}],"predecessor-version":[{"id":3596,"href":"https:\/\/www.tonovelasco.es\/en\/wp-json\/wp\/v2\/pages\/3560\/revisions\/3596"}],"wp:attachment":[{"href":"https:\/\/www.tonovelasco.es\/en\/wp-json\/wp\/v2\/media?parent=3560"}],"curies":[{"name":"wp","href":"https:\/\/api.w.org\/{rel}","templated":true}]}}